{"id":102,"date":"2022-01-30T12:11:18","date_gmt":"2022-01-30T12:11:18","guid":{"rendered":"http:\/\/parafiadlugakoscielna.pl\/?page_id=102"},"modified":"2024-12-22T10:00:22","modified_gmt":"2024-12-22T10:00:22","slug":"czytania-mszalne","status":"publish","type":"page","link":"https:\/\/parafiadlugakoscielna.pl\/?page_id=102","title":{"rendered":"Czytania mszalne"},"content":{"rendered":"\n<p>Zapraszamy do zapoznania si\u0119 z czytaniami S\u0142owa Bo\u017cego na ka\u017cdy dzie\u0144.<\/p>\n\n\n\n<p>Aktualne czytania mo\u017cna znale\u017a\u0107 na stronach:<\/p>\n\n\n\n<p>Towarzystwo \u015awi\u0119tego Paw\u0142a: <a href=\"https:\/\/www.paulus.org.pl\/czytania\" target=\"_blank\" rel=\"noreferrer noopener\">https:\/\/www.paulus.org.pl\/czytania<\/a><\/p>\n\n\n\n<p>Mateusz.pl <a href=\"http:\/\/mateusz.pl\/czytania\/2024\/\" target=\"_blank\" rel=\"noreferrer noopener\">http:\/\/mateusz.pl\/czytania<\/a><\/p>\n\n\n\n<p><\/p>\n","protected":false},"excerpt":{"rendered":"<p>Zapraszamy do zapoznania si\u0119 z czytaniami S\u0142owa Bo\u017cego na ka\u017cdy dzie\u0144. Aktualne czytania mo\u017cna znale\u017a\u0107 na stronach: Towarzystwo \u015awi\u0119tego Paw\u0142a: https:\/\/www.paulus.org.pl\/czytania Mateusz.pl http:\/\/mateusz.pl\/czytania<\/p>\n","protected":false},"author":1,"featured_media":0,"parent":0,"menu_order":0,"comment_status":"closed","ping_status":"closed","template":"","meta":{"ngg_post_thumbnail":0,"footnotes":""},"class_list":["post-102","page","type-page","status-publish","hentry"],"_links":{"self":[{"href":"https:\/\/parafiadlugakoscielna.pl\/index.php?rest_route=\/wp\/v2\/pages\/102","targetHints":{"allow":["GET"]}}],"collection":[{"href":"https:\/\/parafiadlugakoscielna.pl\/index.php?rest_route=\/wp\/v2\/pages"}],"about":[{"href":"https:\/\/parafiadlugakoscielna.pl\/index.php?rest_route=\/wp\/v2\/types\/page"}],"author":[{"embeddable":true,"href":"https:\/\/parafiadlugakoscielna.pl\/index.php?rest_route=\/wp\/v2\/users\/1"}],"replies":[{"embeddable":true,"href":"https:\/\/parafiadlugakoscielna.pl\/index.php?rest_route=%2Fwp%2Fv2%2Fcomments&post=102"}],"version-history":[{"count":4,"href":"https:\/\/parafiadlugakoscielna.pl\/index.php?rest_route=\/wp\/v2\/pages\/102\/revisions"}],"predecessor-version":[{"id":4926,"href":"https:\/\/parafiadlugakoscielna.pl\/index.php?rest_route=\/wp\/v2\/pages\/102\/revisions\/4926"}],"wp:attachment":[{"href":"https:\/\/parafiadlugakoscielna.pl\/index.php?rest_route=%2Fwp%2Fv2%2Fmedia&parent=102"}],"curies":[{"name":"wp","href":"https:\/\/api.w.org\/{rel}","templated":true}]}}