{"id":107,"date":"2020-11-16T20:45:27","date_gmt":"2020-11-16T20:45:27","guid":{"rendered":"http:\/\/parafiadlugakoscielna.pl\/?page_id=107"},"modified":"2020-11-16T20:48:26","modified_gmt":"2020-11-16T20:48:26","slug":"piatkowa-adoracja","status":"publish","type":"page","link":"https:\/\/parafiadlugakoscielna.pl\/?page_id=107","title":{"rendered":"Pi\u0105tkowa adoracja"},"content":{"rendered":"\n<p class=\"has-text-align-left\">Zapraszamy <strong>w ka\u017cdy pi\u0105tek od godziny 21:00 do 22:00 <\/strong><br>na Adoracj\u0119 Pana Jezusa w ciszy.<br>W tym czasie w kaplicy b\u0119dzie wystawiony Naj\u015bwi\u0119tszy Sakrament.<br><br>B\u0119dzie te\u017c mo\u017cliwo\u015b\u0107 spokojnego skorzystania <br>z Sakramentu Pokuty i Pojednania.<br><br><strong>Zach\u0119camy do umi\u0142owania Jezusa Eucharystycznego.<\/strong><\/p>\n\n\n\n<div class=\"wp-block-image is-style-default\"><figure class=\"alignleft is-resized\"><img fetchpriority=\"high\" decoding=\"async\" src=\"http:\/\/parafiadlugakoscielna.pl\/wp-content\/uploads\/2020\/11\/Hostia.jpg\" alt=\"\" class=\"wp-image-109\" width=\"200\" height=\"325\" srcset=\"https:\/\/parafiadlugakoscielna.pl\/wp-content\/uploads\/2020\/11\/Hostia.jpg 200w, https:\/\/parafiadlugakoscielna.pl\/wp-content\/uploads\/2020\/11\/Hostia-185x300.jpg 185w\" sizes=\"(max-width: 200px) 100vw, 200px\" \/><\/figure><\/div>\n","protected":false},"excerpt":{"rendered":"<p>Zapraszamy w ka\u017cdy pi\u0105tek od godziny 21:00 do 22:00 na Adoracj\u0119 Pana Jezusa w ciszy.W tym czasie w kaplicy b\u0119dzie wystawiony Naj\u015bwi\u0119tszy Sakrament. B\u0119dzie te\u017c<a href=\"https:\/\/parafiadlugakoscielna.pl\/?page_id=107\" class=\"more-link\">View More<\/a><\/p>\n","protected":false},"author":1,"featured_media":0,"parent":0,"menu_order":0,"comment_status":"closed","ping_status":"closed","template":"","meta":{"ngg_post_thumbnail":0,"footnotes":""},"class_list":["post-107","page","type-page","status-publish","hentry"],"_links":{"self":[{"href":"https:\/\/parafiadlugakoscielna.pl\/index.php?rest_route=\/wp\/v2\/pages\/107","targetHints":{"allow":["GET"]}}],"collection":[{"href":"https:\/\/parafiadlugakoscielna.pl\/index.php?rest_route=\/wp\/v2\/pages"}],"about":[{"href":"https:\/\/parafiadlugakoscielna.pl\/index.php?rest_route=\/wp\/v2\/types\/page"}],"author":[{"embeddable":true,"href":"https:\/\/parafiadlugakoscielna.pl\/index.php?rest_route=\/wp\/v2\/users\/1"}],"replies":[{"embeddable":true,"href":"https:\/\/parafiadlugakoscielna.pl\/index.php?rest_route=%2Fwp%2Fv2%2Fcomments&post=107"}],"version-history":[{"count":3,"href":"https:\/\/parafiadlugakoscielna.pl\/index.php?rest_route=\/wp\/v2\/pages\/107\/revisions"}],"predecessor-version":[{"id":114,"href":"https:\/\/parafiadlugakoscielna.pl\/index.php?rest_route=\/wp\/v2\/pages\/107\/revisions\/114"}],"wp:attachment":[{"href":"https:\/\/parafiadlugakoscielna.pl\/index.php?rest_route=%2Fwp%2Fv2%2Fmedia&parent=107"}],"curies":[{"name":"wp","href":"https:\/\/api.w.org\/{rel}","templated":true}]}}