{"id":14,"date":"2024-01-21T09:26:19","date_gmt":"2024-01-21T09:26:19","guid":{"rendered":"http:\/\/parafiadlugakoscielna.pl\/?page_id=14"},"modified":"2026-04-19T06:08:11","modified_gmt":"2026-04-19T06:08:11","slug":"ogloszenia","status":"publish","type":"page","link":"https:\/\/parafiadlugakoscielna.pl\/?page_id=14","title":{"rendered":"OG\u0141OSZENIA DUSZPASTERSKIE"},"content":{"rendered":"\n<p class=\"has-text-align-center has-vivid-red-color has-text-color has-link-color has-large-font-size wp-elements-ac1226cc3333621f5a6f6ed949c0eecb\">III <strong><strong><strong><strong>NIEDZIELA\u00a0 WIELKANOCNA<\/strong><\/strong><\/strong><\/strong><\/p>\n\n\n\n<p class=\"has-text-align-center has-vivid-red-color has-text-color has-link-color has-large-font-size wp-elements-4a285e96c2c4d9b043ea34c2133552e5\"><strong><strong><strong><strong><strong><strong>19 KWIETNIA<\/strong><\/strong><\/strong><\/strong><\/strong><\/strong><\/p>\n\n\n\n<p class=\"has-text-align-center has-vivid-red-color has-text-color has-link-color has-large-font-size wp-elements-1974891857b246ac3989652e9c658928\"><\/p>\n\n\n\n<ol class=\"wp-block-list\">\n<li>Zaj\u0119cia szachowe dzi\u015b o godz. 15:00<\/li>\n\n\n\n<li>Spotkanie Oazy dzi\u015b o godz. 16:00<\/li>\n\n\n\n<li>Korepetycje w \u015brod\u0119 godz. 17:00 \u2013 18:00<\/li>\n\n\n\n<li>Msza \u015bwi\u0119ta dla dzieci przygotowuj\u0105cych si\u0119 do I komunii \u015bw. w \u015brod\u0119 o godz. 18:30<\/li>\n\n\n\n<li>Zach\u0119camy do nabywania i czytania prasy katolickiej, niech ten katolicki g\u0142os b\u0119dzie w naszych domach.<\/li>\n<\/ol>\n\n\n\n<p><strong>Zapowiedzi przed\u015blubne<\/strong><\/p>\n\n\n\n<p><strong>Do sakramentu ma\u0142\u017ce\u0144stwa przygotowuj\u0105 si\u0119:<\/strong><\/p>\n\n\n\n<p>Artur \u0141ukasz Kowalczyk kawaler z par. \u015aw. Miko\u0142aja w Dobrem i Joanna Monika Krawczyk panna z par. tut. \u00a0\u2013 zapowied\u017a drugie.<\/p>\n\n\n\n<p>Polecamy narzeczonych modlitwie. Wszyscy, kt\u00f3rzy znaj\u0105 jakiekolwiek przeszkody do zawarcia przez nich ma\u0142\u017ce\u0144stwa zobowi\u0105zani s\u0105 do&nbsp;poinformowania miejscowych duszpasterzy.<\/p>\n\n\n\n<p><\/p>\n","protected":false},"excerpt":{"rendered":"<p>III NIEDZIELA\u00a0 WIELKANOCNA 19 KWIETNIA Zapowiedzi przed\u015blubne Do sakramentu ma\u0142\u017ce\u0144stwa przygotowuj\u0105 si\u0119: Artur \u0141ukasz Kowalczyk kawaler z par. \u015aw. Miko\u0142aja w Dobrem i Joanna Monika<a href=\"https:\/\/parafiadlugakoscielna.pl\/?page_id=14\" class=\"more-link\">View More<\/a><\/p>\n","protected":false},"author":1,"featured_media":0,"parent":0,"menu_order":0,"comment_status":"closed","ping_status":"closed","template":"","meta":{"ngg_post_thumbnail":0,"footnotes":""},"class_list":["post-14","page","type-page","status-publish","hentry"],"_links":{"self":[{"href":"https:\/\/parafiadlugakoscielna.pl\/index.php?rest_route=\/wp\/v2\/pages\/14","targetHints":{"allow":["GET"]}}],"collection":[{"href":"https:\/\/parafiadlugakoscielna.pl\/index.php?rest_route=\/wp\/v2\/pages"}],"about":[{"href":"https:\/\/parafiadlugakoscielna.pl\/index.php?rest_route=\/wp\/v2\/types\/page"}],"author":[{"embeddable":true,"href":"https:\/\/parafiadlugakoscielna.pl\/index.php?rest_route=\/wp\/v2\/users\/1"}],"replies":[{"embeddable":true,"href":"https:\/\/parafiadlugakoscielna.pl\/index.php?rest_route=%2Fwp%2Fv2%2Fcomments&post=14"}],"version-history":[{"count":679,"href":"https:\/\/parafiadlugakoscielna.pl\/index.php?rest_route=\/wp\/v2\/pages\/14\/revisions"}],"predecessor-version":[{"id":5839,"href":"https:\/\/parafiadlugakoscielna.pl\/index.php?rest_route=\/wp\/v2\/pages\/14\/revisions\/5839"}],"wp:attachment":[{"href":"https:\/\/parafiadlugakoscielna.pl\/index.php?rest_route=%2Fwp%2Fv2%2Fmedia&parent=14"}],"curies":[{"name":"wp","href":"https:\/\/api.w.org\/{rel}","templated":true}]}}