{"id":16,"date":"2020-11-15T23:17:19","date_gmt":"2020-11-15T23:17:19","guid":{"rendered":"http:\/\/parafiadlugakoscielna.pl\/?page_id=16"},"modified":"2025-08-21T06:28:10","modified_gmt":"2025-08-21T06:28:10","slug":"kancelaria","status":"publish","type":"page","link":"https:\/\/parafiadlugakoscielna.pl\/?page_id=16","title":{"rendered":"Kancelaria"},"content":{"rendered":"\t\t<div data-elementor-type=\"wp-page\" data-elementor-id=\"16\" class=\"elementor elementor-16\">\n\t\t\t\t\t\t<section class=\"elementor-section elementor-top-section elementor-element elementor-element-5893ab14 elementor-section-boxed elementor-section-height-default elementor-section-height-default\" data-id=\"5893ab14\" data-element_type=\"section\" data-e-type=\"section\">\n\t\t\t\t\t\t<div class=\"elementor-container elementor-column-gap-default\">\n\t\t\t\t\t<div class=\"elementor-column elementor-col-100 elementor-top-column elementor-element elementor-element-69cca59e\" data-id=\"69cca59e\" data-element_type=\"column\" data-e-type=\"column\">\n\t\t\t<div class=\"elementor-widget-wrap elementor-element-populated\">\n\t\t\t\t\t\t<div class=\"elementor-element elementor-element-2ccfcf03 elementor-widget elementor-widget-text-editor\" data-id=\"2ccfcf03\" data-element_type=\"widget\" data-e-type=\"widget\" data-widget_type=\"text-editor.default\">\n\t\t\t\t<div class=\"elementor-widget-container\">\n\t\t\t\t\t\t\t\t\t<p>Czynna: <br>poniedzia\u0142ek, \u015aroda, czwartek: 16:00 &#8211; 17:00 <br>pi\u0105tek: 19:00 &#8211; 20:00<\/p>\n<p><!-- \/wp:paragraph --><\/p>\n<p><!-- wp:paragraph --><\/p>\n<p><strong>dokumenty i dane potrzebne do sakramentu chrztu \u015bwi\u0119tego<\/strong><\/p>\n<p><!-- \/wp:paragraph --><\/p>\n<p><!-- wp:group --><\/p>\n<div class=\"wp-block-group\">\n<div class=\"wp-block-group__inner-container\">\n<p><!-- wp:list --><\/p>\n<ul>\n<li>akt urodzenia dziecka<\/li>\n<li>dane rodzic\u00f3w (data i miejsce \u015blubu, imiona, nazwisko panie\u0144skie matki dziecka)<\/li>\n<li>dane rodzic\u00f3w chrzestnych (imiona, nazwisko, data urodzenia, miejsce zamieszkania)<\/li>\n<li>dokument z kancelarii parafii rodzic\u00f3w chrzestnych stwierdzaj\u0105cy, \u017ce s\u0105 praktykuj\u0105cymi katolikami i mog\u0105 by\u0107 dopuszczeni do tej godno\u015bci&nbsp;<\/li>\n<\/ul>\n<p><!-- \/wp:list --><\/p>\n<\/div>\n<\/div>\n<p><!-- \/wp:group --><\/p>\n<p><!-- wp:paragraph --><\/p>\n<p><strong>dokumenty potrzebne do zawarcia sakramentu ma\u0142\u017ce\u0144stwa<\/strong><\/p>\n<p><!-- \/wp:paragraph --><\/p>\n<p><!-- wp:group --><\/p>\n<div class=\"wp-block-group\">\n<div class=\"wp-block-group__inner-container\">\n<p><!-- wp:list --><\/p>\n<ul>\n<li>\u015bwiadectwo chrztu (nie starsza ni\u017c 3 miesi\u0105ce licz\u0105c od planowanej daty zawarcia ma\u0142\u017ce\u0144stwa)<\/li>\n<li>dane \u015bwiadk\u00f3w ma\u0142\u017ce\u0144stwa (imiona, nazwisko, data urodzenia, miejsce zamieszkania).<\/li>\n<\/ul>\n<p><!-- \/wp:list --><\/p>\n<\/div>\n<\/div>\n<p><!-- \/wp:group --><\/p>\n<p><!-- wp:paragraph --><\/p>\n<p>Narzeczeni po uprzednim um\u00f3wieniu daty \u015blubu, najp\u00f3\u017aniej p\u00f3\u0142tora miesi\u0105ca przed zawarciem ma\u0142\u017ce\u0144stwa, przychodz\u0105 z dokumentami z Urz\u0119du Gminy do kancelarii parafialnej, by spisa\u0107 protok\u00f3\u0142 przedma\u0142\u017ce\u0144ski.&nbsp;<br>Nale\u017cy zadba\u0107 r\u00f3wnie\u017c na ok. p\u00f3\u0142 roku przed \u015blubem o wzi\u0119cie udzia\u0142u w naukach przed\u015blubnych dla narzeczonych w dowolnym miejscu, gdzie s\u0105 prowadzone.<\/p>\n<p><!-- \/wp:paragraph --><\/p>\t\t\t\t\t\t\t\t<\/div>\n\t\t\t\t<\/div>\n\t\t\t\t\t<\/div>\n\t\t<\/div>\n\t\t\t\t\t<\/div>\n\t\t<\/section>\n\t\t\t\t<\/div>\n\t\t","protected":false},"excerpt":{"rendered":"<p>Czynna: poniedzia\u0142ek, \u015aroda, czwartek: 16:00 &#8211; 17:00 pi\u0105tek: 19:00 &#8211; 20:00 dokumenty i dane potrzebne do sakramentu chrztu \u015bwi\u0119tego akt urodzenia dziecka dane rodzic\u00f3w (data<a href=\"https:\/\/parafiadlugakoscielna.pl\/?page_id=16\" class=\"more-link\">View More<\/a><\/p>\n","protected":false},"author":1,"featured_media":0,"parent":0,"menu_order":0,"comment_status":"closed","ping_status":"closed","template":"","meta":{"ngg_post_thumbnail":0,"footnotes":""},"class_list":["post-16","page","type-page","status-publish","hentry"],"_links":{"self":[{"href":"https:\/\/parafiadlugakoscielna.pl\/index.php?rest_route=\/wp\/v2\/pages\/16","targetHints":{"allow":["GET"]}}],"collection":[{"href":"https:\/\/parafiadlugakoscielna.pl\/index.php?rest_route=\/wp\/v2\/pages"}],"about":[{"href":"https:\/\/parafiadlugakoscielna.pl\/index.php?rest_route=\/wp\/v2\/types\/page"}],"author":[{"embeddable":true,"href":"https:\/\/parafiadlugakoscielna.pl\/index.php?rest_route=\/wp\/v2\/users\/1"}],"replies":[{"embeddable":true,"href":"https:\/\/parafiadlugakoscielna.pl\/index.php?rest_route=%2Fwp%2Fv2%2Fcomments&post=16"}],"version-history":[{"count":17,"href":"https:\/\/parafiadlugakoscielna.pl\/index.php?rest_route=\/wp\/v2\/pages\/16\/revisions"}],"predecessor-version":[{"id":5376,"href":"https:\/\/parafiadlugakoscielna.pl\/index.php?rest_route=\/wp\/v2\/pages\/16\/revisions\/5376"}],"wp:attachment":[{"href":"https:\/\/parafiadlugakoscielna.pl\/index.php?rest_route=%2Fwp%2Fv2%2Fmedia&parent=16"}],"curies":[{"name":"wp","href":"https:\/\/api.w.org\/{rel}","templated":true}]}}