{"id":18,"date":"2023-03-26T10:07:52","date_gmt":"2023-03-26T10:07:52","guid":{"rendered":"http:\/\/parafiadlugakoscielna.pl\/?page_id=18"},"modified":"2026-04-19T06:00:30","modified_gmt":"2026-04-19T06:00:30","slug":"intencje-mszalne","status":"publish","type":"page","link":"https:\/\/parafiadlugakoscielna.pl\/?page_id=18","title":{"rendered":"INTENCJE  MSZALNE"},"content":{"rendered":"\n<p class=\"has-vivid-green-cyan-color has-white-background-color has-text-color has-background has-link-color has-medium-font-size wp-elements-0a529bb05931f493227c87c914f92b17\"><strong>&nbsp;<\/strong><\/p>\n\n\n\n<p class=\"has-vivid-red-color has-text-color has-link-color has-medium-font-size wp-elements-34caa1f0f063d8f9f870e92da846b482\"><strong>III NIEDZIELA&nbsp; WIELKANOCY&nbsp; \u2013&nbsp; 19 KWIETNIA<\/strong><\/p>\n\n\n\n<p><strong>&nbsp;<\/strong><strong>&nbsp; 9:00<\/strong>&nbsp; + Lucjana Kwapisi\u0144skiego w 16 r. \u015bm. Bronis\u0142aw\u0119 i Stanis\u0142awa Kwapisi\u0144skich.<\/p>\n\n\n\n<p><strong>10:30&nbsp; <\/strong>+ Teres\u0119, Stefana G\u0142owackich, Kazimier\u0119 i J\u00f3zefa Dr\u00f3\u017cd\u017c, W\u0142adys\u0142aw\u0119 i Stefana G\u0142owackich, Cecyli\u0119 i Ryszarda P\u0142ochockich.<\/p>\n\n\n\n<p><strong>12:00&nbsp; <\/strong>W pewnej intencji.<\/p>\n\n\n\n<p><strong>18:00&nbsp; <\/strong>+ Teres\u0119 Kurach w 32r. \u015bm. i rodzic\u00f3w Jana i Zofi\u0119 Szulim.<\/p>\n\n\n\n<p class=\"has-medium-font-size\"><strong>PONIEDZIA\u0141EK&nbsp;&nbsp; \u2013&nbsp; 20 KWIETNIA<\/strong><\/p>\n\n\n\n<p><strong>&nbsp; 7:00<\/strong>&nbsp; O zdrowie b\u0142. Bo\u017ce i pomy\u015blne zdanie egzamin\u00f3w dla Zuzanny.<\/p>\n\n\n\n<p><strong>18:00&nbsp; <\/strong>Dzi\u0119kczynna w 35r. ur. Ewy i 8r. ur. Paw\u0142a z pro\u015bb\u0105 o b\u0142. Bo\u017ce i opiek\u0119 NMP.<\/p>\n\n\n\n<p class=\"has-medium-font-size\"><strong>WTOREK&nbsp; \u2013&nbsp; 21 KWIETNIA<\/strong><\/p>\n\n\n\n<p><strong>&nbsp; 7:00&nbsp; <\/strong>Dzi\u0119kczynna w 25r. \u015blubu Agnieszki i Leszka z pro\u015bb\u0105 o b\u0142. Bo\u017ce i opiek\u0119 NMP dla ma\u0142\u017conk\u00f3w i rodziny.<\/p>\n\n\n\n<p><strong>18:00&nbsp; <\/strong>+ Stanis\u0142awa i Sylwestra Izdebskich i zm. z rodziny.<\/p>\n\n\n\n<p class=\"has-medium-font-size\"><strong>&nbsp;\u015aRODA&nbsp; \u2013&nbsp; 22 KWIETNIA<\/strong><\/p>\n\n\n\n<p><strong>&nbsp; 7:00&nbsp;<\/strong> <strong>00 <\/strong>&nbsp;Dzi\u0119kczynna w 18r. ur. Oliw z pro\u015bb\u0105 o b\u0142. Bo\u017ce, dary ducha \u015awi\u0119tego i prowadzenie NMP w dokonywaniu m\u0105drych wybor\u00f3w.<\/p>\n\n\n\n<p><strong>18:00 <\/strong>&nbsp;+ S\u0142awomira Sochackiego w 3r. \u015bm.<\/p>\n\n\n\n<p class=\"has-medium-font-size\"><strong>CZWARTEK&nbsp; \u2013&nbsp; 23 KWIETNIA \u2013 uroczysto\u015b\u0107 \u015aw. Wojciecha &nbsp;<\/strong><\/p>\n\n\n\n<p><strong>&nbsp; 7:00&nbsp;<\/strong><\/p>\n\n\n\n<p><strong>18:00 <\/strong>&nbsp;O pomy\u015blne zdanie egz. \u00f3smoklasisty i dostanie si\u0119 do liceum dla Aleksandry i Katarzyny.<\/p>\n\n\n\n<p><strong>18:30 <\/strong>&nbsp;+ Mariana Kwiatkowskiego w 30 po \u015bm.<\/p>\n\n\n\n<p class=\"has-medium-font-size\"><strong>PI\u0104TEK&nbsp; \u2013&nbsp; 24 KWIETNIA<\/strong><\/p>\n\n\n\n<p><strong>&nbsp; 7:00&nbsp;<\/strong><\/p>\n\n\n\n<p><strong>18:00 <\/strong>&nbsp;+ Janin\u0119 w 15r. \u015bm. Czes\u0142awa, Zbigniewa, Eugeniusza Do\u0142owych, Jadwig\u0119, Emili\u0119 i Stanis\u0142awa Wojdyga, oraz Marka Pilzak.<\/p>\n\n\n\n<p class=\"has-medium-font-size\"><strong>SOBOTA&nbsp; <\/strong><strong>\u2013&nbsp; 25 KWIETNIA \u2013 \u015bwi\u0119to \u015aw. Marka Ewangelisty<\/strong><\/p>\n\n\n\n<p><strong>&nbsp; 7:00&nbsp; <\/strong>Dzi\u0119kczynna w rocznic\u0119 urodzin Marka z pro\u015bb\u0105 o b\u0142. Bo\u017ce i opiek\u0119 NMP.<\/p>\n\n\n\n<p><strong>18:00&nbsp; <\/strong>W pewnej intencji.<\/p>\n\n\n\n<p class=\"has-vivid-red-color has-text-color has-link-color has-medium-font-size wp-elements-46e66a038717d3c21506dfe1df665017\"><strong>IV NIEDZIELA&nbsp; WIELKANOCY&nbsp; \u2013&nbsp; 26 KWIETNIA<\/strong><\/p>\n\n\n\n<p><strong>&nbsp; 9:00<\/strong>&nbsp; + Zofi\u0119, Stanis\u0142awa, Tadeusza, Jana Pietrzyk, Jerzego Pazio.<\/p>\n\n\n\n<p><strong>10:30<\/strong>&nbsp; W intencji ks. Proboszcza z racji imienin, z pro\u015bb\u0105 b\u0142. Bo\u017ce i opiek\u0119 Matki Naj\u015bwi\u0119tszej na ka\u017cdy dzie\u0144 jego kap\u0142a\u0144skiej pos\u0142ugi.<\/p>\n\n\n\n<p><strong>12:00&nbsp; <\/strong>Ann\u0119 i Piotra Bortka.<\/p>\n\n\n\n<p><strong>18:00&nbsp; <\/strong>Dzi\u0119kczynna w 40r. \u015blubu Teresy i Adama Zdunik z pro\u015bb\u0105 o b\u0142. Bo\u017ce i opiek\u0119 NMP dla ma\u0142\u017conk\u00f3w, dzieci i wnuk\u00f3w.<\/p>\n\n\n\n<p class=\"has-medium-font-size\"><strong>PONIEDZIA\u0141EK&nbsp;&nbsp; \u2013&nbsp; 27 KWIETNIA<\/strong><\/p>\n\n\n\n<p><strong>&nbsp; 7:00<\/strong>&nbsp; + Mariana Kwiatkowskiego<\/p>\n\n\n\n<p><strong>18:00&nbsp; <\/strong>+ Jacka, Piotra i Tomasza Kudlak.<\/p>\n\n\n\n<p class=\"has-medium-font-size\"><strong>WTOREK&nbsp; \u2013&nbsp; 28 KWIETNIA <\/strong><strong>\u2013 wspomnienie \u015bw. Ludwika Marii Griginion de Montfort<\/strong><strong><\/strong><\/p>\n\n\n\n<p><strong>&nbsp; 7:00&nbsp; <\/strong>+ Krzysztofa Wendkowskiego w 4r. \u015bm. Alicj\u0119 i Wojciecha Licheckich.<\/p>\n\n\n\n<p><strong>18:00&nbsp; <\/strong>Dzi\u0119kczynna w 9r. \u015blubu Anety i Jacka z pro\u015bb\u0105 o b\u0142. Bo\u017ce i opiek\u0119 NMP dla ma\u0142\u017conk\u00f3w, dzieci.<\/p>\n\n\n\n<p class=\"has-medium-font-size\"><strong>&nbsp;\u015aRODA&nbsp; \u2013&nbsp; 29 KWIETNIA \u2013 \u015bwi\u0119to \u015bw. Katarzyny Siene\u0144skiej<\/strong><\/p>\n\n\n\n<p><strong>&nbsp; 7:00&nbsp;<\/strong><\/p>\n\n\n\n<p><strong>18:00 <\/strong>&nbsp;W pewnej intencji.<\/p>\n\n\n\n<p><strong>18:30 <\/strong>&nbsp;+ Romana Sroka w 30 dz. po \u015bm.<\/p>\n\n\n\n<p class=\"has-medium-font-size\"><strong>CZWARTEK&nbsp; \u2013&nbsp; 30 KWIETNIA<\/strong><\/p>\n\n\n\n<p><strong>&nbsp; 7:00&nbsp;<\/strong><\/p>\n\n\n\n<p><strong>18:00 <\/strong>&nbsp;+ Mariusza Grubka (od Heleny s\u0105siadki).<\/p>\n\n\n\n<p class=\"has-medium-font-size\"><strong>PI\u0104TEK&nbsp; \u2013&nbsp; 1 MAJA<\/strong><\/p>\n\n\n\n<p><strong>&nbsp; 7:00 <\/strong>&nbsp;+ Dariusza, Aleksandr\u0119, Stefani\u0119 Jankowskich, Mariann\u0119 Rzempo\u0142uch.<\/p>\n\n\n\n<p><strong>18:00 <\/strong>&nbsp;+ Piotra Rosika, Alicj\u0119 \u0141yszkowsk\u0105.<\/p>\n\n\n\n<p class=\"has-vivid-cyan-blue-color has-text-color has-link-color has-medium-font-size wp-elements-933dc8cd52a823595b03742386fce1ea\"><strong>SOBOTA&nbsp; <\/strong><strong>\u2013&nbsp; 2 MAJA \u2013 Uroczysto\u015b\u0107 NMP Kr\u00f3lowej Polski<\/strong><\/p>\n\n\n\n<p><strong>&nbsp; 7:00&nbsp; <\/strong>+ Mariana Kwiatkowskiego (od Piotra Pietrusi\u0144skiego z rodzin\u0105).<\/p>\n\n\n\n<p><strong>18:00&nbsp; <\/strong>Wynagradzaj\u0105ca Niepokalanemu Sercu Maryi.<\/p>\n\n\n\n<p class=\"has-vivid-red-color has-text-color has-link-color has-medium-font-size wp-elements-a19a483d9fc02e702aa51d6e97a50275\"><strong>V NIEDZIELA&nbsp; WIELKANOCY&nbsp; \u2013&nbsp; 3 MAJA<\/strong><\/p>\n\n\n\n<p><strong>&nbsp; 9:00<\/strong>&nbsp; + Tomasza w 17r. \u015bm. Krystyn\u0119, Jana, Marcina Szulim, Janin\u0119 Chajdack\u0105.<\/p>\n\n\n\n<p><strong>10:30<\/strong>&nbsp; + Franciszka i Stanis\u0142aw\u0119 Lorent, za dziadk\u00f3w Majszczyk\u00f3w i Lorent\u00f3w.<\/p>\n\n\n\n<p><strong>12:00&nbsp; <\/strong>+ Monik\u0119 Szulim i zm.&nbsp; rodziny Szulim\u00f3w.<\/p>\n\n\n\n<p><strong>18:00&nbsp; <\/strong>Dzi\u0119kczynna w 10r. ur. Micha\u0142a &nbsp;z pro\u015bb\u0105 o b\u0142. Bo\u017ce, zdrowie i opiek\u0119 NMP.<\/p>\n","protected":false},"excerpt":{"rendered":"<p>&nbsp; III NIEDZIELA&nbsp; WIELKANOCY&nbsp; \u2013&nbsp; 19 KWIETNIA &nbsp;&nbsp; 9:00&nbsp; + Lucjana Kwapisi\u0144skiego w 16 r. \u015bm. Bronis\u0142aw\u0119 i Stanis\u0142awa Kwapisi\u0144skich. 10:30&nbsp; + Teres\u0119, Stefana G\u0142owackich,<a href=\"https:\/\/parafiadlugakoscielna.pl\/?page_id=18\" class=\"more-link\">View More<\/a><\/p>\n","protected":false},"author":4,"featured_media":0,"parent":0,"menu_order":0,"comment_status":"closed","ping_status":"closed","template":"","meta":{"ngg_post_thumbnail":0,"footnotes":""},"class_list":["post-18","page","type-page","status-publish","hentry"],"_links":{"self":[{"href":"https:\/\/parafiadlugakoscielna.pl\/index.php?rest_route=\/wp\/v2\/pages\/18","targetHints":{"allow":["GET"]}}],"collection":[{"href":"https:\/\/parafiadlugakoscielna.pl\/index.php?rest_route=\/wp\/v2\/pages"}],"about":[{"href":"https:\/\/parafiadlugakoscielna.pl\/index.php?rest_route=\/wp\/v2\/types\/page"}],"author":[{"embeddable":true,"href":"https:\/\/parafiadlugakoscielna.pl\/index.php?rest_route=\/wp\/v2\/users\/4"}],"replies":[{"embeddable":true,"href":"https:\/\/parafiadlugakoscielna.pl\/index.php?rest_route=%2Fwp%2Fv2%2Fcomments&post=18"}],"version-history":[{"count":573,"href":"https:\/\/parafiadlugakoscielna.pl\/index.php?rest_route=\/wp\/v2\/pages\/18\/revisions"}],"predecessor-version":[{"id":5837,"href":"https:\/\/parafiadlugakoscielna.pl\/index.php?rest_route=\/wp\/v2\/pages\/18\/revisions\/5837"}],"wp:attachment":[{"href":"https:\/\/parafiadlugakoscielna.pl\/index.php?rest_route=%2Fwp%2Fv2%2Fmedia&parent=18"}],"curies":[{"name":"wp","href":"https:\/\/api.w.org\/{rel}","templated":true}]}}