{"id":180,"date":"2020-11-25T11:53:45","date_gmt":"2020-11-25T11:53:45","guid":{"rendered":"http:\/\/parafiadlugakoscielna.pl\/?page_id=180"},"modified":"2025-05-08T06:26:42","modified_gmt":"2025-05-08T06:26:42","slug":"grupy-parafialne","status":"publish","type":"page","link":"https:\/\/parafiadlugakoscielna.pl\/?page_id=180","title":{"rendered":"Grupy parafialne"},"content":{"rendered":"\n<p>Grupy parafialne, kt\u00f3re funkcjonuj\u0105 w naszej parafii:<\/p>\n\n\n\n<ul class=\"wp-block-list\">\n<li>Ministranci<\/li>\n\n\n\n<li>Lektorzy<\/li>\n\n\n\n<li>Bielanki<\/li>\n\n\n\n<li>Oaza <\/li>\n\n\n\n<li>Ma\u0142\u017ce\u0144skie wsp\u00f3lnoty Domowego Ko\u015bcio\u0142a<\/li>\n\n\n\n<li>R\u00f3\u017caniec Rodzic\u00f3w za Dzieci<\/li>\n\n\n\n<li>R\u00f3\u017caniec Dzieci za Rodzic\u00f3w<\/li>\n\n\n\n<li>Ko\u0142a \u017bywego R\u00f3\u017ca\u0144ca<\/li>\n\n\n\n<li>Schola Dzieci\u0119ca Oratorium Niepokalanej<\/li>\n\n\n\n<li>Schola Cor Cordis<\/li>\n<\/ul>\n\n\n\n<p><\/p>\n\n\n\n<p>Zapraszamy do wzrastania w wierze!<\/p>\n","protected":false},"excerpt":{"rendered":"<p>Grupy parafialne, kt\u00f3re funkcjonuj\u0105 w naszej parafii: Zapraszamy do wzrastania w wierze!<\/p>\n","protected":false},"author":3,"featured_media":0,"parent":0,"menu_order":0,"comment_status":"closed","ping_status":"closed","template":"","meta":{"ngg_post_thumbnail":0,"footnotes":""},"class_list":["post-180","page","type-page","status-publish","hentry"],"_links":{"self":[{"href":"https:\/\/parafiadlugakoscielna.pl\/index.php?rest_route=\/wp\/v2\/pages\/180","targetHints":{"allow":["GET"]}}],"collection":[{"href":"https:\/\/parafiadlugakoscielna.pl\/index.php?rest_route=\/wp\/v2\/pages"}],"about":[{"href":"https:\/\/parafiadlugakoscielna.pl\/index.php?rest_route=\/wp\/v2\/types\/page"}],"author":[{"embeddable":true,"href":"https:\/\/parafiadlugakoscielna.pl\/index.php?rest_route=\/wp\/v2\/users\/3"}],"replies":[{"embeddable":true,"href":"https:\/\/parafiadlugakoscielna.pl\/index.php?rest_route=%2Fwp%2Fv2%2Fcomments&post=180"}],"version-history":[{"count":6,"href":"https:\/\/parafiadlugakoscielna.pl\/index.php?rest_route=\/wp\/v2\/pages\/180\/revisions"}],"predecessor-version":[{"id":5213,"href":"https:\/\/parafiadlugakoscielna.pl\/index.php?rest_route=\/wp\/v2\/pages\/180\/revisions\/5213"}],"wp:attachment":[{"href":"https:\/\/parafiadlugakoscielna.pl\/index.php?rest_route=%2Fwp%2Fv2%2Fmedia&parent=180"}],"curies":[{"name":"wp","href":"https:\/\/api.w.org\/{rel}","templated":true}]}}