{"id":1982,"date":"2022-04-04T19:38:35","date_gmt":"2022-04-04T19:38:35","guid":{"rendered":"https:\/\/parafiadlugakoscielna.pl\/?page_id=1982"},"modified":"2022-04-10T15:28:46","modified_gmt":"2022-04-10T15:28:46","slug":"pozar-kosciola","status":"publish","type":"page","link":"https:\/\/parafiadlugakoscielna.pl\/?page_id=1982","title":{"rendered":"Po\u017car ko\u015bcio\u0142a"},"content":{"rendered":"\t\t<div data-elementor-type=\"wp-page\" data-elementor-id=\"1982\" class=\"elementor elementor-1982\">\n\t\t\t\t\t\t<section class=\"elementor-section elementor-top-section elementor-element elementor-element-16e0546 elementor-section-boxed elementor-section-height-default elementor-section-height-default\" data-id=\"16e0546\" data-element_type=\"section\" data-e-type=\"section\">\n\t\t\t\t\t\t<div class=\"elementor-container elementor-column-gap-default\">\n\t\t\t\t\t<div class=\"elementor-column elementor-col-100 elementor-top-column elementor-element elementor-element-7ac30a3\" data-id=\"7ac30a3\" data-element_type=\"column\" data-e-type=\"column\">\n\t\t\t<div class=\"elementor-widget-wrap elementor-element-populated\">\n\t\t\t\t\t\t<div class=\"elementor-element elementor-element-f317533 elementor-align-center elementor-widget elementor-widget-button\" data-id=\"f317533\" data-element_type=\"widget\" data-e-type=\"widget\" data-widget_type=\"button.default\">\n\t\t\t\t<div class=\"elementor-widget-container\">\n\t\t\t\t\t\t\t\t\t<div class=\"elementor-button-wrapper\">\n\t\t\t\t\t<a class=\"elementor-button elementor-button-link elementor-size-sm\" href=\"https:\/\/parafiadlugakoscielna.pl\/?page_id=1907\">\n\t\t\t\t\t\t<span class=\"elementor-button-content-wrapper\">\n\t\t\t\t\t\t<span class=\"elementor-button-icon\">\n\t\t\t\t<i aria-hidden=\"true\" class=\"far fa-arrow-alt-circle-left\"><\/i>\t\t\t<\/span>\n\t\t\t\t\t\t\t\t\t<span class=\"elementor-button-text\"> Powr\u00f3t do albumu<\/span>\n\t\t\t\t\t<\/span>\n\t\t\t\t\t<\/a>\n\t\t\t\t<\/div>\n\t\t\t\t\t\t\t\t<\/div>\n\t\t\t\t<\/div>\n\t\t\t\t\t<\/div>\n\t\t<\/div>\n\t\t\t\t\t<\/div>\n\t\t<\/section>\n\t\t\t\t<section class=\"elementor-section elementor-top-section elementor-element elementor-element-f69aa33 elementor-section-boxed elementor-section-height-default elementor-section-height-default\" data-id=\"f69aa33\" data-element_type=\"section\" data-e-type=\"section\">\n\t\t\t\t\t\t<div class=\"elementor-container elementor-column-gap-wide\">\n\t\t\t\t\t<div class=\"elementor-column elementor-col-100 elementor-top-column elementor-element elementor-element-626853d\" data-id=\"626853d\" data-element_type=\"column\" data-e-type=\"column\" data-settings=\"{&quot;animation&quot;:&quot;none&quot;}\">\n\t\t\t<div class=\"elementor-widget-wrap elementor-element-populated\">\n\t\t\t\t\t\t<div class=\"elementor-element elementor-element-124eaf0 gallery-spacing-custom elementor-invisible elementor-widget elementor-widget-image-gallery\" data-id=\"124eaf0\" data-element_type=\"widget\" data-e-type=\"widget\" data-settings=\"{&quot;_animation&quot;:&quot;fadeIn&quot;}\" data-widget_type=\"image-gallery.default\">\n\t\t\t\t<div class=\"elementor-widget-container\">\n\t\t\t\t\t\t\t<div class=\"elementor-image-gallery\">\n\t\t\t<div id='gallery-1' class='gallery galleryid-1982 gallery-columns-3 gallery-size-medium'><figure class='gallery-item'>\n\t\t\t<div class='gallery-icon portrait'>\n\t\t\t\t<a data-elementor-open-lightbox=\"yes\" data-elementor-lightbox-slideshow=\"124eaf0\" data-elementor-lightbox-title=\"skan_07\" data-e-action-hash=\"#elementor-action%3Aaction%3Dlightbox%26settings%3DeyJpZCI6MTc3OSwidXJsIjoiaHR0cHM6XC9cL3BhcmFmaWFkbHVnYWtvc2NpZWxuYS5wbFwvd3AtY29udGVudFwvdXBsb2Fkc1wvMjAyMlwvMDNcL3NrYW5fMDcuanBnIiwic2xpZGVzaG93IjoiMTI0ZWFmMCJ9\" href='https:\/\/parafiadlugakoscielna.pl\/wp-content\/uploads\/2022\/03\/skan_07.jpg'><img fetchpriority=\"high\" decoding=\"async\" width=\"204\" height=\"300\" src=\"https:\/\/parafiadlugakoscielna.pl\/wp-content\/uploads\/2022\/03\/skan_07-204x300.jpg\" class=\"attachment-medium size-medium\" alt=\"\" srcset=\"https:\/\/parafiadlugakoscielna.pl\/wp-content\/uploads\/2022\/03\/skan_07-204x300.jpg 204w, https:\/\/parafiadlugakoscielna.pl\/wp-content\/uploads\/2022\/03\/skan_07-698x1024.jpg 698w, https:\/\/parafiadlugakoscielna.pl\/wp-content\/uploads\/2022\/03\/skan_07-768x1127.jpg 768w, https:\/\/parafiadlugakoscielna.pl\/wp-content\/uploads\/2022\/03\/skan_07.jpg 996w\" sizes=\"(max-width: 204px) 100vw, 204px\" \/><\/a>\n\t\t\t<\/div><\/figure><figure class='gallery-item'>\n\t\t\t<div class='gallery-icon portrait'>\n\t\t\t\t<a data-elementor-open-lightbox=\"yes\" data-elementor-lightbox-slideshow=\"124eaf0\" data-elementor-lightbox-title=\"skan_08\" data-e-action-hash=\"#elementor-action%3Aaction%3Dlightbox%26settings%3DeyJpZCI6MTc4MCwidXJsIjoiaHR0cHM6XC9cL3BhcmFmaWFkbHVnYWtvc2NpZWxuYS5wbFwvd3AtY29udGVudFwvdXBsb2Fkc1wvMjAyMlwvMDNcL3NrYW5fMDguanBnIiwic2xpZGVzaG93IjoiMTI0ZWFmMCJ9\" href='https:\/\/parafiadlugakoscielna.pl\/wp-content\/uploads\/2022\/03\/skan_08.jpg'><img decoding=\"async\" width=\"210\" height=\"300\" src=\"https:\/\/parafiadlugakoscielna.pl\/wp-content\/uploads\/2022\/03\/skan_08-210x300.jpg\" class=\"attachment-medium size-medium\" alt=\"\" srcset=\"https:\/\/parafiadlugakoscielna.pl\/wp-content\/uploads\/2022\/03\/skan_08-210x300.jpg 210w, https:\/\/parafiadlugakoscielna.pl\/wp-content\/uploads\/2022\/03\/skan_08-715x1024.jpg 715w, https:\/\/parafiadlugakoscielna.pl\/wp-content\/uploads\/2022\/03\/skan_08-768x1100.jpg 768w, https:\/\/parafiadlugakoscielna.pl\/wp-content\/uploads\/2022\/03\/skan_08.jpg 1021w\" sizes=\"(max-width: 210px) 100vw, 210px\" \/><\/a>\n\t\t\t<\/div><\/figure>\n\t\t<\/div>\n\t\t<\/div>\n\t\t\t\t\t\t<\/div>\n\t\t\t\t<\/div>\n\t\t\t\t\t<\/div>\n\t\t<\/div>\n\t\t\t\t\t<\/div>\n\t\t<\/section>\n\t\t\t\t<\/div>\n\t\t","protected":false},"excerpt":{"rendered":"<p>Powr\u00f3t do albumu<\/p>\n","protected":false},"author":1,"featured_media":0,"parent":0,"menu_order":0,"comment_status":"closed","ping_status":"closed","template":"","meta":{"ngg_post_thumbnail":0,"footnotes":""},"class_list":["post-1982","page","type-page","status-publish","hentry"],"_links":{"self":[{"href":"https:\/\/parafiadlugakoscielna.pl\/index.php?rest_route=\/wp\/v2\/pages\/1982","targetHints":{"allow":["GET"]}}],"collection":[{"href":"https:\/\/parafiadlugakoscielna.pl\/index.php?rest_route=\/wp\/v2\/pages"}],"about":[{"href":"https:\/\/parafiadlugakoscielna.pl\/index.php?rest_route=\/wp\/v2\/types\/page"}],"author":[{"embeddable":true,"href":"https:\/\/parafiadlugakoscielna.pl\/index.php?rest_route=\/wp\/v2\/users\/1"}],"replies":[{"embeddable":true,"href":"https:\/\/parafiadlugakoscielna.pl\/index.php?rest_route=%2Fwp%2Fv2%2Fcomments&post=1982"}],"version-history":[{"count":10,"href":"https:\/\/parafiadlugakoscielna.pl\/index.php?rest_route=\/wp\/v2\/pages\/1982\/revisions"}],"predecessor-version":[{"id":2085,"href":"https:\/\/parafiadlugakoscielna.pl\/index.php?rest_route=\/wp\/v2\/pages\/1982\/revisions\/2085"}],"wp:attachment":[{"href":"https:\/\/parafiadlugakoscielna.pl\/index.php?rest_route=%2Fwp%2Fv2%2Fmedia&parent=1982"}],"curies":[{"name":"wp","href":"https:\/\/api.w.org\/{rel}","templated":true}]}}