{"id":2263,"date":"2022-04-12T17:02:23","date_gmt":"2022-04-12T17:02:23","guid":{"rendered":"https:\/\/parafiadlugakoscielna.pl\/?page_id=2263"},"modified":"2022-04-21T21:01:33","modified_gmt":"2022-04-21T21:01:33","slug":"zdjecia-z-budowy-domu-parafialnego","status":"publish","type":"page","link":"https:\/\/parafiadlugakoscielna.pl\/?page_id=2263","title":{"rendered":"Zdj\u0119cia z budowy domu parafialnego"},"content":{"rendered":"\n<div class=\"wp-block-columns are-vertically-aligned-center is-layout-flex wp-container-core-columns-is-layout-9d6595d7 wp-block-columns-is-layout-flex\">\n<div class=\"wp-block-column is-vertically-aligned-center is-layout-flow wp-block-column-is-layout-flow\" style=\"flex-basis:33.33%\">\n<div class=\"wp-block-image\"><figure class=\"aligncenter size-large\"><img fetchpriority=\"high\" decoding=\"async\" width=\"1024\" height=\"575\" src=\"https:\/\/parafiadlugakoscielna.pl\/wp-content\/uploads\/2022\/04\/2020-11-11_zalewanie_fundamentow_04-1024x575.jpg\" alt=\"zalewanie fundament\u00f3w\" class=\"wp-image-2042\" srcset=\"https:\/\/parafiadlugakoscielna.pl\/wp-content\/uploads\/2022\/04\/2020-11-11_zalewanie_fundamentow_04-1024x575.jpg 1024w, https:\/\/parafiadlugakoscielna.pl\/wp-content\/uploads\/2022\/04\/2020-11-11_zalewanie_fundamentow_04-300x168.jpg 300w, https:\/\/parafiadlugakoscielna.pl\/wp-content\/uploads\/2022\/04\/2020-11-11_zalewanie_fundamentow_04-768x431.jpg 768w, https:\/\/parafiadlugakoscielna.pl\/wp-content\/uploads\/2022\/04\/2020-11-11_zalewanie_fundamentow_04-1536x863.jpg 1536w, https:\/\/parafiadlugakoscielna.pl\/wp-content\/uploads\/2022\/04\/2020-11-11_zalewanie_fundamentow_04-2048x1150.jpg 2048w\" sizes=\"(max-width: 1024px) 100vw, 1024px\" \/><\/figure><\/div>\n<\/div>\n\n\n\n<div class=\"wp-block-column is-vertically-aligned-center is-layout-flow wp-block-column-is-layout-flow\" style=\"flex-basis:66.66%\">\n<p>Zalewanie fundament\u00f3w (10 listopada 2020).<\/p>\n\n\n\n<div class=\"wp-block-buttons is-layout-flex wp-block-buttons-is-layout-flex\">\n<div class=\"wp-block-button has-custom-font-size is-style-outline has-small-font-size is-style-outline--1\"><a class=\"wp-block-button__link has-luminous-vivid-orange-color has-text-color\" href=\"https:\/\/parafiadlugakoscielna.pl\/?page_id=2568\">Zobacz zdj\u0119cia<\/a><\/div>\n<\/div>\n<\/div>\n<\/div>\n\n\n\n<div class=\"wp-block-columns are-vertically-aligned-center is-layout-flex wp-container-core-columns-is-layout-9d6595d7 wp-block-columns-is-layout-flex\">\n<div class=\"wp-block-column is-vertically-aligned-center is-layout-flow wp-block-column-is-layout-flow\" style=\"flex-basis:33.33%\">\n<div class=\"wp-block-image\"><figure class=\"aligncenter size-full\"><img decoding=\"async\" width=\"1000\" height=\"403\" src=\"https:\/\/parafiadlugakoscielna.pl\/wp-content\/uploads\/2021\/05\/2021-05-13_budowa_domu.jpg\" alt=\"\" class=\"wp-image-1203\" srcset=\"https:\/\/parafiadlugakoscielna.pl\/wp-content\/uploads\/2021\/05\/2021-05-13_budowa_domu.jpg 1000w, https:\/\/parafiadlugakoscielna.pl\/wp-content\/uploads\/2021\/05\/2021-05-13_budowa_domu-300x121.jpg 300w, https:\/\/parafiadlugakoscielna.pl\/wp-content\/uploads\/2021\/05\/2021-05-13_budowa_domu-768x310.jpg 768w\" sizes=\"(max-width: 1000px) 100vw, 1000px\" \/><\/figure><\/div>\n<\/div>\n\n\n\n<div class=\"wp-block-column is-vertically-aligned-center is-layout-flow wp-block-column-is-layout-flow\" style=\"flex-basis:66.66%\">\n<p>Stan na 13 maja 2021<\/p>\n\n\n\n<div class=\"wp-block-buttons is-layout-flex wp-block-buttons-is-layout-flex\">\n<div class=\"wp-block-button has-custom-font-size is-style-outline has-small-font-size is-style-outline--2\"><a class=\"wp-block-button__link has-luminous-vivid-orange-color has-text-color\" href=\"https:\/\/parafiadlugakoscielna.pl\/?page_id=2575\">Zobacz zdj\u0119cia<\/a><\/div>\n<\/div>\n<\/div>\n<\/div>\n\n\n\n<div class=\"wp-block-columns are-vertically-aligned-center is-layout-flex wp-container-core-columns-is-layout-9d6595d7 wp-block-columns-is-layout-flex\">\n<div class=\"wp-block-column is-vertically-aligned-center is-layout-flow wp-block-column-is-layout-flow\" style=\"flex-basis:33.33%\">\n<div class=\"wp-block-image\"><figure class=\"aligncenter size-full\"><img decoding=\"async\" width=\"1000\" height=\"528\" src=\"https:\/\/parafiadlugakoscielna.pl\/wp-content\/uploads\/2021\/05\/elewacja_polnocna.png\" alt=\"wizualizacja domu parafialnego\" class=\"wp-image-1196\" srcset=\"https:\/\/parafiadlugakoscielna.pl\/wp-content\/uploads\/2021\/05\/elewacja_polnocna.png 1000w, https:\/\/parafiadlugakoscielna.pl\/wp-content\/uploads\/2021\/05\/elewacja_polnocna-300x158.png 300w, https:\/\/parafiadlugakoscielna.pl\/wp-content\/uploads\/2021\/05\/elewacja_polnocna-768x406.png 768w\" sizes=\"(max-width: 1000px) 100vw, 1000px\" \/><\/figure><\/div>\n<\/div>\n\n\n\n<div class=\"wp-block-column is-vertically-aligned-center is-layout-flow wp-block-column-is-layout-flow\" style=\"flex-basis:66.66%\">\n<p>Wizualizacja domu parafialnego (23 maja 2021)<\/p>\n\n\n\n<div class=\"wp-block-buttons is-layout-flex wp-block-buttons-is-layout-flex\">\n<div class=\"wp-block-button has-custom-font-size is-style-outline has-small-font-size is-style-outline--3\"><a class=\"wp-block-button__link has-luminous-vivid-orange-color has-text-color\" href=\"https:\/\/parafiadlugakoscielna.pl\/?page_id=2587\">Zobacz zdj\u0119cia<\/a><\/div>\n<\/div>\n<\/div>\n<\/div>\n\n\n\n<div class=\"wp-block-columns are-vertically-aligned-center is-layout-flex wp-container-core-columns-is-layout-9d6595d7 wp-block-columns-is-layout-flex\">\n<div class=\"wp-block-column is-vertically-aligned-center is-layout-flow wp-block-column-is-layout-flow\" style=\"flex-basis:33.33%\">\n<div class=\"wp-block-image\"><figure class=\"aligncenter size-full\"><img loading=\"lazy\" decoding=\"async\" width=\"800\" height=\"600\" src=\"https:\/\/parafiadlugakoscielna.pl\/wp-content\/uploads\/2021\/06\/2021-06-27_dom_parafialny1.jpg\" alt=\"\" class=\"wp-image-1307\" srcset=\"https:\/\/parafiadlugakoscielna.pl\/wp-content\/uploads\/2021\/06\/2021-06-27_dom_parafialny1.jpg 800w, https:\/\/parafiadlugakoscielna.pl\/wp-content\/uploads\/2021\/06\/2021-06-27_dom_parafialny1-300x225.jpg 300w, https:\/\/parafiadlugakoscielna.pl\/wp-content\/uploads\/2021\/06\/2021-06-27_dom_parafialny1-768x576.jpg 768w\" sizes=\"(max-width: 800px) 100vw, 800px\" \/><\/figure><\/div>\n<\/div>\n\n\n\n<div class=\"wp-block-column is-vertically-aligned-center is-layout-flow wp-block-column-is-layout-flow\" style=\"flex-basis:66.66%\">\n<p>Zdj\u0119cia z budowy domu parafialnego (27 czerwca 2021)<\/p>\n\n\n\n<div class=\"wp-block-buttons is-layout-flex wp-block-buttons-is-layout-flex\">\n<div class=\"wp-block-button has-custom-font-size is-style-outline has-small-font-size is-style-outline--4\"><a class=\"wp-block-button__link has-luminous-vivid-orange-color has-text-color\" href=\"https:\/\/parafiadlugakoscielna.pl\/?page_id=2593\">Zobacz zdj\u0119cia<\/a><\/div>\n<\/div>\n<\/div>\n<\/div>\n\n\n\n<div class=\"wp-block-columns are-vertically-aligned-center is-layout-flex wp-container-core-columns-is-layout-9d6595d7 wp-block-columns-is-layout-flex\">\n<div class=\"wp-block-column is-vertically-aligned-center is-layout-flow wp-block-column-is-layout-flow\" style=\"flex-basis:33.33%\">\n<div class=\"wp-block-image\"><figure class=\"aligncenter size-full\"><img loading=\"lazy\" decoding=\"async\" width=\"800\" height=\"600\" src=\"https:\/\/parafiadlugakoscielna.pl\/wp-content\/uploads\/2021\/08\/2021-08-08_DP1.jpg\" alt=\"\" class=\"wp-image-1405\" srcset=\"https:\/\/parafiadlugakoscielna.pl\/wp-content\/uploads\/2021\/08\/2021-08-08_DP1.jpg 800w, https:\/\/parafiadlugakoscielna.pl\/wp-content\/uploads\/2021\/08\/2021-08-08_DP1-300x225.jpg 300w, https:\/\/parafiadlugakoscielna.pl\/wp-content\/uploads\/2021\/08\/2021-08-08_DP1-768x576.jpg 768w\" sizes=\"(max-width: 800px) 100vw, 800px\" \/><\/figure><\/div>\n<\/div>\n\n\n\n<div class=\"wp-block-column is-vertically-aligned-center is-layout-flow wp-block-column-is-layout-flow\" style=\"flex-basis:66.66%\">\n<p>Zdj\u0119cia z 8 sierpnia 2021<\/p>\n\n\n\n<div class=\"wp-block-buttons is-layout-flex wp-block-buttons-is-layout-flex\">\n<div class=\"wp-block-button has-custom-font-size is-style-outline has-small-font-size is-style-outline--5\"><a class=\"wp-block-button__link has-luminous-vivid-orange-color has-text-color\" href=\"https:\/\/parafiadlugakoscielna.pl\/?page_id=2600\">Zobacz zdj\u0119cia<\/a><\/div>\n<\/div>\n<\/div>\n<\/div>\n\n\n\n<div class=\"wp-block-columns are-vertically-aligned-center is-layout-flex wp-container-core-columns-is-layout-9d6595d7 wp-block-columns-is-layout-flex\">\n<div class=\"wp-block-column is-vertically-aligned-center is-layout-flow wp-block-column-is-layout-flow\" style=\"flex-basis:33.33%\">\n<div class=\"wp-block-image\"><figure class=\"aligncenter size-large\"><img loading=\"lazy\" decoding=\"async\" width=\"1024\" height=\"742\" src=\"https:\/\/parafiadlugakoscielna.pl\/wp-content\/uploads\/2021\/09\/2021-09-24_dom_parafialny5-1024x742.jpg\" alt=\"\" class=\"wp-image-1466\" srcset=\"https:\/\/parafiadlugakoscielna.pl\/wp-content\/uploads\/2021\/09\/2021-09-24_dom_parafialny5-1024x742.jpg 1024w, https:\/\/parafiadlugakoscielna.pl\/wp-content\/uploads\/2021\/09\/2021-09-24_dom_parafialny5-300x217.jpg 300w, https:\/\/parafiadlugakoscielna.pl\/wp-content\/uploads\/2021\/09\/2021-09-24_dom_parafialny5-768x556.jpg 768w, https:\/\/parafiadlugakoscielna.pl\/wp-content\/uploads\/2021\/09\/2021-09-24_dom_parafialny5.jpg 1142w\" sizes=\"(max-width: 1024px) 100vw, 1024px\" \/><\/figure><\/div>\n<\/div>\n\n\n\n<div class=\"wp-block-column is-vertically-aligned-center is-layout-flow wp-block-column-is-layout-flow\" style=\"flex-basis:66.66%\">\n<p>Dom parafialny ma poszycie dachowe (24 wrze\u015bnia 2021)<\/p>\n\n\n\n<div class=\"wp-block-buttons is-layout-flex wp-block-buttons-is-layout-flex\">\n<div class=\"wp-block-button has-custom-font-size is-style-outline has-small-font-size is-style-outline--6\"><a class=\"wp-block-button__link has-luminous-vivid-orange-color has-text-color\" href=\"https:\/\/parafiadlugakoscielna.pl\/?page_id=2610\">Zobacz zdj\u0119cia<\/a><\/div>\n<\/div>\n<\/div>\n<\/div>\n\n\n\n<div class=\"wp-block-columns are-vertically-aligned-center is-layout-flex wp-container-core-columns-is-layout-9d6595d7 wp-block-columns-is-layout-flex\">\n<div class=\"wp-block-column is-vertically-aligned-center is-layout-flow wp-block-column-is-layout-flow\" style=\"flex-basis:33.33%\">\n<div class=\"wp-block-image\"><figure class=\"aligncenter size-large\"><img loading=\"lazy\" decoding=\"async\" width=\"1024\" height=\"768\" src=\"https:\/\/parafiadlugakoscielna.pl\/wp-content\/uploads\/2022\/04\/2022-03-21_okna_dom_par_03-1024x768.jpg\" alt=\"\" class=\"wp-image-2275\" srcset=\"https:\/\/parafiadlugakoscielna.pl\/wp-content\/uploads\/2022\/04\/2022-03-21_okna_dom_par_03-1024x768.jpg 1024w, https:\/\/parafiadlugakoscielna.pl\/wp-content\/uploads\/2022\/04\/2022-03-21_okna_dom_par_03-300x225.jpg 300w, https:\/\/parafiadlugakoscielna.pl\/wp-content\/uploads\/2022\/04\/2022-03-21_okna_dom_par_03-768x576.jpg 768w, https:\/\/parafiadlugakoscielna.pl\/wp-content\/uploads\/2022\/04\/2022-03-21_okna_dom_par_03-1536x1152.jpg 1536w, https:\/\/parafiadlugakoscielna.pl\/wp-content\/uploads\/2022\/04\/2022-03-21_okna_dom_par_03-2048x1536.jpg 2048w\" sizes=\"(max-width: 1024px) 100vw, 1024px\" \/><\/figure><\/div>\n<\/div>\n\n\n\n<div class=\"wp-block-column is-vertically-aligned-center is-layout-flow wp-block-column-is-layout-flow\" style=\"flex-basis:66.66%\">\n<p>Dom parafialny ma okna (21 marca 2022)<\/p>\n\n\n\n<div class=\"wp-block-buttons is-layout-flex wp-block-buttons-is-layout-flex\">\n<div class=\"wp-block-button has-custom-font-size is-style-outline has-small-font-size is-style-outline--7\"><a class=\"wp-block-button__link has-luminous-vivid-orange-color has-text-color\" href=\"https:\/\/parafiadlugakoscielna.pl\/?p=2281\">Zobacz zdj\u0119cia<\/a><\/div>\n<\/div>\n<\/div>\n<\/div>\n","protected":false},"excerpt":{"rendered":"<p>Zalewanie fundament\u00f3w (10 listopada 2020). Stan na 13 maja 2021 Wizualizacja domu parafialnego (23 maja 2021) Zdj\u0119cia z budowy domu parafialnego (27 czerwca 2021) Zdj\u0119cia<a href=\"https:\/\/parafiadlugakoscielna.pl\/?page_id=2263\" class=\"more-link\">View More<\/a><\/p>\n","protected":false},"author":1,"featured_media":0,"parent":0,"menu_order":0,"comment_status":"closed","ping_status":"closed","template":"","meta":{"ngg_post_thumbnail":0,"footnotes":""},"class_list":["post-2263","page","type-page","status-publish","hentry"],"_links":{"self":[{"href":"https:\/\/parafiadlugakoscielna.pl\/index.php?rest_route=\/wp\/v2\/pages\/2263","targetHints":{"allow":["GET"]}}],"collection":[{"href":"https:\/\/parafiadlugakoscielna.pl\/index.php?rest_route=\/wp\/v2\/pages"}],"about":[{"href":"https:\/\/parafiadlugakoscielna.pl\/index.php?rest_route=\/wp\/v2\/types\/page"}],"author":[{"embeddable":true,"href":"https:\/\/parafiadlugakoscielna.pl\/index.php?rest_route=\/wp\/v2\/users\/1"}],"replies":[{"embeddable":true,"href":"https:\/\/parafiadlugakoscielna.pl\/index.php?rest_route=%2Fwp%2Fv2%2Fcomments&post=2263"}],"version-history":[{"count":13,"href":"https:\/\/parafiadlugakoscielna.pl\/index.php?rest_route=\/wp\/v2\/pages\/2263\/revisions"}],"predecessor-version":[{"id":2615,"href":"https:\/\/parafiadlugakoscielna.pl\/index.php?rest_route=\/wp\/v2\/pages\/2263\/revisions\/2615"}],"wp:attachment":[{"href":"https:\/\/parafiadlugakoscielna.pl\/index.php?rest_route=%2Fwp%2Fv2%2Fmedia&parent=2263"}],"curies":[{"name":"wp","href":"https:\/\/api.w.org\/{rel}","templated":true}]}}