{"id":2281,"date":"2022-04-12T19:07:23","date_gmt":"2022-04-12T19:07:23","guid":{"rendered":"https:\/\/parafiadlugakoscielna.pl\/?page_id=2281"},"modified":"2022-04-21T21:03:28","modified_gmt":"2022-04-21T21:03:28","slug":"okna-domu-parafialnego-2","status":"publish","type":"page","link":"https:\/\/parafiadlugakoscielna.pl\/?page_id=2281","title":{"rendered":"Okna domu parafialnego (21-03-2022)"},"content":{"rendered":"\t\t<div data-elementor-type=\"wp-page\" data-elementor-id=\"2281\" class=\"elementor elementor-2281\">\n\t\t\t\t\t\t<section class=\"elementor-section elementor-top-section elementor-element elementor-element-46f236f elementor-section-boxed elementor-section-height-default elementor-section-height-default\" data-id=\"46f236f\" data-element_type=\"section\" data-e-type=\"section\">\n\t\t\t\t\t\t<div class=\"elementor-container elementor-column-gap-default\">\n\t\t\t\t\t<div class=\"elementor-column elementor-col-100 elementor-top-column elementor-element elementor-element-3a3418d\" data-id=\"3a3418d\" data-element_type=\"column\" data-e-type=\"column\">\n\t\t\t<div class=\"elementor-widget-wrap elementor-element-populated\">\n\t\t\t\t\t\t<div class=\"elementor-element elementor-element-7d1d660 elementor-widget elementor-widget-text-editor\" data-id=\"7d1d660\" data-element_type=\"widget\" data-e-type=\"widget\" data-widget_type=\"text-editor.default\">\n\t\t\t\t<div class=\"elementor-widget-container\">\n\t\t\t\t\t\t\t\t\t<p>Od po\u0142owy marca nasz dom parafialny zosta\u0142 wyposa\u017cony w okna.<br \/>Zdj\u0119cia wykonano 21 marca 2022 r.<\/p><p>\u00a0<\/p><p><strong>Autor zdj\u0119\u0107:<\/strong>\u00a0Sylwester Ziemek<\/p>\t\t\t\t\t\t\t\t<\/div>\n\t\t\t\t<\/div>\n\t\t\t\t\t<\/div>\n\t\t<\/div>\n\t\t\t\t\t<\/div>\n\t\t<\/section>\n\t\t\t\t<section class=\"elementor-section elementor-top-section elementor-element elementor-element-16e0546 elementor-section-boxed elementor-section-height-default elementor-section-height-default\" data-id=\"16e0546\" data-element_type=\"section\" data-e-type=\"section\">\n\t\t\t\t\t\t<div class=\"elementor-container elementor-column-gap-default\">\n\t\t\t\t\t<div class=\"elementor-column elementor-col-100 elementor-top-column elementor-element elementor-element-7ac30a3\" data-id=\"7ac30a3\" data-element_type=\"column\" data-e-type=\"column\">\n\t\t\t<div class=\"elementor-widget-wrap elementor-element-populated\">\n\t\t\t\t\t\t<div class=\"elementor-element elementor-element-f317533 elementor-align-center elementor-widget elementor-widget-button\" data-id=\"f317533\" data-element_type=\"widget\" data-e-type=\"widget\" data-widget_type=\"button.default\">\n\t\t\t\t<div class=\"elementor-widget-container\">\n\t\t\t\t\t\t\t\t\t<div class=\"elementor-button-wrapper\">\n\t\t\t\t\t<a class=\"elementor-button elementor-button-link elementor-size-sm\" href=\"https:\/\/parafiadlugakoscielna.pl\/?page_id=2263\">\n\t\t\t\t\t\t<span class=\"elementor-button-content-wrapper\">\n\t\t\t\t\t\t<span class=\"elementor-button-icon\">\n\t\t\t\t<i aria-hidden=\"true\" class=\"far fa-arrow-alt-circle-left\"><\/i>\t\t\t<\/span>\n\t\t\t\t\t\t\t\t\t<span class=\"elementor-button-text\"> Powr\u00f3t do albumu<\/span>\n\t\t\t\t\t<\/span>\n\t\t\t\t\t<\/a>\n\t\t\t\t<\/div>\n\t\t\t\t\t\t\t\t<\/div>\n\t\t\t\t<\/div>\n\t\t\t\t\t<\/div>\n\t\t<\/div>\n\t\t\t\t\t<\/div>\n\t\t<\/section>\n\t\t\t\t<section class=\"elementor-section elementor-top-section elementor-element elementor-element-f69aa33 elementor-section-boxed elementor-section-height-default elementor-section-height-default\" data-id=\"f69aa33\" data-element_type=\"section\" data-e-type=\"section\">\n\t\t\t\t\t\t<div class=\"elementor-container elementor-column-gap-wide\">\n\t\t\t\t\t<div class=\"elementor-column elementor-col-100 elementor-top-column elementor-element elementor-element-626853d\" data-id=\"626853d\" data-element_type=\"column\" data-e-type=\"column\" data-settings=\"{&quot;animation&quot;:&quot;none&quot;}\">\n\t\t\t<div class=\"elementor-widget-wrap elementor-element-populated\">\n\t\t\t\t\t\t<div class=\"elementor-element elementor-element-124eaf0 gallery-spacing-custom elementor-invisible elementor-widget elementor-widget-image-gallery\" data-id=\"124eaf0\" data-element_type=\"widget\" data-e-type=\"widget\" data-settings=\"{&quot;_animation&quot;:&quot;fadeIn&quot;}\" data-widget_type=\"image-gallery.default\">\n\t\t\t\t<div class=\"elementor-widget-container\">\n\t\t\t\t\t\t\t<div class=\"elementor-image-gallery\">\n\t\t\t<div id='gallery-1' class='gallery galleryid-2281 gallery-columns-3 gallery-size-medium'><figure class='gallery-item'>\n\t\t\t<div class='gallery-icon landscape'>\n\t\t\t\t<a data-elementor-open-lightbox=\"yes\" data-elementor-lightbox-slideshow=\"124eaf0\" data-elementor-lightbox-title=\"2022-03-21_okna_dom_par_01\" data-e-action-hash=\"#elementor-action%3Aaction%3Dlightbox%26settings%3DeyJpZCI6MjI3MywidXJsIjoiaHR0cHM6XC9cL3BhcmFmaWFkbHVnYWtvc2NpZWxuYS5wbFwvd3AtY29udGVudFwvdXBsb2Fkc1wvMjAyMlwvMDRcLzIwMjItMDMtMjFfb2tuYV9kb21fcGFyXzAxLXNjYWxlZC5qcGciLCJzbGlkZXNob3ciOiIxMjRlYWYwIn0%3D\" href='https:\/\/parafiadlugakoscielna.pl\/wp-content\/uploads\/2022\/04\/2022-03-21_okna_dom_par_01-scaled.jpg'><img fetchpriority=\"high\" decoding=\"async\" width=\"300\" height=\"225\" src=\"https:\/\/parafiadlugakoscielna.pl\/wp-content\/uploads\/2022\/04\/2022-03-21_okna_dom_par_01-300x225.jpg\" class=\"attachment-medium size-medium\" alt=\"\" srcset=\"https:\/\/parafiadlugakoscielna.pl\/wp-content\/uploads\/2022\/04\/2022-03-21_okna_dom_par_01-300x225.jpg 300w, https:\/\/parafiadlugakoscielna.pl\/wp-content\/uploads\/2022\/04\/2022-03-21_okna_dom_par_01-1024x768.jpg 1024w, https:\/\/parafiadlugakoscielna.pl\/wp-content\/uploads\/2022\/04\/2022-03-21_okna_dom_par_01-768x576.jpg 768w, https:\/\/parafiadlugakoscielna.pl\/wp-content\/uploads\/2022\/04\/2022-03-21_okna_dom_par_01-1536x1152.jpg 1536w, https:\/\/parafiadlugakoscielna.pl\/wp-content\/uploads\/2022\/04\/2022-03-21_okna_dom_par_01-2048x1536.jpg 2048w\" sizes=\"(max-width: 300px) 100vw, 300px\" \/><\/a>\n\t\t\t<\/div><\/figure><figure class='gallery-item'>\n\t\t\t<div class='gallery-icon landscape'>\n\t\t\t\t<a data-elementor-open-lightbox=\"yes\" data-elementor-lightbox-slideshow=\"124eaf0\" data-elementor-lightbox-title=\"2022-03-21_okna_dom_par_04\" data-e-action-hash=\"#elementor-action%3Aaction%3Dlightbox%26settings%3DeyJpZCI6MjI3NiwidXJsIjoiaHR0cHM6XC9cL3BhcmFmaWFkbHVnYWtvc2NpZWxuYS5wbFwvd3AtY29udGVudFwvdXBsb2Fkc1wvMjAyMlwvMDRcLzIwMjItMDMtMjFfb2tuYV9kb21fcGFyXzA0LXNjYWxlZC5qcGciLCJzbGlkZXNob3ciOiIxMjRlYWYwIn0%3D\" href='https:\/\/parafiadlugakoscielna.pl\/wp-content\/uploads\/2022\/04\/2022-03-21_okna_dom_par_04-scaled.jpg'><img decoding=\"async\" width=\"300\" height=\"225\" src=\"https:\/\/parafiadlugakoscielna.pl\/wp-content\/uploads\/2022\/04\/2022-03-21_okna_dom_par_04-300x225.jpg\" class=\"attachment-medium size-medium\" alt=\"\" srcset=\"https:\/\/parafiadlugakoscielna.pl\/wp-content\/uploads\/2022\/04\/2022-03-21_okna_dom_par_04-300x225.jpg 300w, https:\/\/parafiadlugakoscielna.pl\/wp-content\/uploads\/2022\/04\/2022-03-21_okna_dom_par_04-1024x768.jpg 1024w, https:\/\/parafiadlugakoscielna.pl\/wp-content\/uploads\/2022\/04\/2022-03-21_okna_dom_par_04-768x576.jpg 768w, https:\/\/parafiadlugakoscielna.pl\/wp-content\/uploads\/2022\/04\/2022-03-21_okna_dom_par_04-1536x1152.jpg 1536w, https:\/\/parafiadlugakoscielna.pl\/wp-content\/uploads\/2022\/04\/2022-03-21_okna_dom_par_04-2048x1536.jpg 2048w\" sizes=\"(max-width: 300px) 100vw, 300px\" \/><\/a>\n\t\t\t<\/div><\/figure><figure class='gallery-item'>\n\t\t\t<div class='gallery-icon landscape'>\n\t\t\t\t<a data-elementor-open-lightbox=\"yes\" data-elementor-lightbox-slideshow=\"124eaf0\" data-elementor-lightbox-title=\"2022-03-21_okna_dom_par_03\" data-e-action-hash=\"#elementor-action%3Aaction%3Dlightbox%26settings%3DeyJpZCI6MjI3NSwidXJsIjoiaHR0cHM6XC9cL3BhcmFmaWFkbHVnYWtvc2NpZWxuYS5wbFwvd3AtY29udGVudFwvdXBsb2Fkc1wvMjAyMlwvMDRcLzIwMjItMDMtMjFfb2tuYV9kb21fcGFyXzAzLXNjYWxlZC5qcGciLCJzbGlkZXNob3ciOiIxMjRlYWYwIn0%3D\" href='https:\/\/parafiadlugakoscielna.pl\/wp-content\/uploads\/2022\/04\/2022-03-21_okna_dom_par_03-scaled.jpg'><img decoding=\"async\" width=\"300\" height=\"225\" src=\"https:\/\/parafiadlugakoscielna.pl\/wp-content\/uploads\/2022\/04\/2022-03-21_okna_dom_par_03-300x225.jpg\" class=\"attachment-medium size-medium\" alt=\"\" srcset=\"https:\/\/parafiadlugakoscielna.pl\/wp-content\/uploads\/2022\/04\/2022-03-21_okna_dom_par_03-300x225.jpg 300w, https:\/\/parafiadlugakoscielna.pl\/wp-content\/uploads\/2022\/04\/2022-03-21_okna_dom_par_03-1024x768.jpg 1024w, https:\/\/parafiadlugakoscielna.pl\/wp-content\/uploads\/2022\/04\/2022-03-21_okna_dom_par_03-768x576.jpg 768w, https:\/\/parafiadlugakoscielna.pl\/wp-content\/uploads\/2022\/04\/2022-03-21_okna_dom_par_03-1536x1152.jpg 1536w, https:\/\/parafiadlugakoscielna.pl\/wp-content\/uploads\/2022\/04\/2022-03-21_okna_dom_par_03-2048x1536.jpg 2048w\" sizes=\"(max-width: 300px) 100vw, 300px\" \/><\/a>\n\t\t\t<\/div><\/figure><figure class='gallery-item'>\n\t\t\t<div class='gallery-icon landscape'>\n\t\t\t\t<a data-elementor-open-lightbox=\"yes\" data-elementor-lightbox-slideshow=\"124eaf0\" data-elementor-lightbox-title=\"2022-03-21_okna_dom_par_02\" data-e-action-hash=\"#elementor-action%3Aaction%3Dlightbox%26settings%3DeyJpZCI6MjI3NCwidXJsIjoiaHR0cHM6XC9cL3BhcmFmaWFkbHVnYWtvc2NpZWxuYS5wbFwvd3AtY29udGVudFwvdXBsb2Fkc1wvMjAyMlwvMDRcLzIwMjItMDMtMjFfb2tuYV9kb21fcGFyXzAyLXNjYWxlZC5qcGciLCJzbGlkZXNob3ciOiIxMjRlYWYwIn0%3D\" href='https:\/\/parafiadlugakoscielna.pl\/wp-content\/uploads\/2022\/04\/2022-03-21_okna_dom_par_02-scaled.jpg'><img loading=\"lazy\" decoding=\"async\" width=\"300\" height=\"225\" src=\"https:\/\/parafiadlugakoscielna.pl\/wp-content\/uploads\/2022\/04\/2022-03-21_okna_dom_par_02-300x225.jpg\" class=\"attachment-medium size-medium\" alt=\"\" srcset=\"https:\/\/parafiadlugakoscielna.pl\/wp-content\/uploads\/2022\/04\/2022-03-21_okna_dom_par_02-300x225.jpg 300w, https:\/\/parafiadlugakoscielna.pl\/wp-content\/uploads\/2022\/04\/2022-03-21_okna_dom_par_02-1024x768.jpg 1024w, https:\/\/parafiadlugakoscielna.pl\/wp-content\/uploads\/2022\/04\/2022-03-21_okna_dom_par_02-768x576.jpg 768w, https:\/\/parafiadlugakoscielna.pl\/wp-content\/uploads\/2022\/04\/2022-03-21_okna_dom_par_02-1536x1152.jpg 1536w, https:\/\/parafiadlugakoscielna.pl\/wp-content\/uploads\/2022\/04\/2022-03-21_okna_dom_par_02-2048x1536.jpg 2048w\" sizes=\"(max-width: 300px) 100vw, 300px\" \/><\/a>\n\t\t\t<\/div><\/figure><figure class='gallery-item'>\n\t\t\t<div class='gallery-icon landscape'>\n\t\t\t\t<a data-elementor-open-lightbox=\"yes\" data-elementor-lightbox-slideshow=\"124eaf0\" data-elementor-lightbox-title=\"2022-03-21_okna_dom_par_05\" data-e-action-hash=\"#elementor-action%3Aaction%3Dlightbox%26settings%3DeyJpZCI6MjI3NywidXJsIjoiaHR0cHM6XC9cL3BhcmFmaWFkbHVnYWtvc2NpZWxuYS5wbFwvd3AtY29udGVudFwvdXBsb2Fkc1wvMjAyMlwvMDRcLzIwMjItMDMtMjFfb2tuYV9kb21fcGFyXzA1LXNjYWxlZC5qcGciLCJzbGlkZXNob3ciOiIxMjRlYWYwIn0%3D\" href='https:\/\/parafiadlugakoscielna.pl\/wp-content\/uploads\/2022\/04\/2022-03-21_okna_dom_par_05-scaled.jpg'><img loading=\"lazy\" decoding=\"async\" width=\"300\" height=\"225\" src=\"https:\/\/parafiadlugakoscielna.pl\/wp-content\/uploads\/2022\/04\/2022-03-21_okna_dom_par_05-300x225.jpg\" class=\"attachment-medium size-medium\" alt=\"\" srcset=\"https:\/\/parafiadlugakoscielna.pl\/wp-content\/uploads\/2022\/04\/2022-03-21_okna_dom_par_05-300x225.jpg 300w, https:\/\/parafiadlugakoscielna.pl\/wp-content\/uploads\/2022\/04\/2022-03-21_okna_dom_par_05-1024x768.jpg 1024w, https:\/\/parafiadlugakoscielna.pl\/wp-content\/uploads\/2022\/04\/2022-03-21_okna_dom_par_05-768x576.jpg 768w, https:\/\/parafiadlugakoscielna.pl\/wp-content\/uploads\/2022\/04\/2022-03-21_okna_dom_par_05-1536x1152.jpg 1536w, https:\/\/parafiadlugakoscielna.pl\/wp-content\/uploads\/2022\/04\/2022-03-21_okna_dom_par_05-2048x1536.jpg 2048w\" sizes=\"(max-width: 300px) 100vw, 300px\" \/><\/a>\n\t\t\t<\/div><\/figure>\n\t\t<\/div>\n\t\t<\/div>\n\t\t\t\t\t\t<\/div>\n\t\t\t\t<\/div>\n\t\t\t\t\t<\/div>\n\t\t<\/div>\n\t\t\t\t\t<\/div>\n\t\t<\/section>\n\t\t\t\t<\/div>\n\t\t","protected":false},"excerpt":{"rendered":"<p>Od po\u0142owy marca nasz dom parafialny zosta\u0142 wyposa\u017cony w okna.Zdj\u0119cia wykonano 21 marca 2022 r. \u00a0 Autor zdj\u0119\u0107:\u00a0Sylwester Ziemek Powr\u00f3t do albumu<\/p>\n","protected":false},"author":1,"featured_media":0,"parent":0,"menu_order":0,"comment_status":"closed","ping_status":"closed","template":"","meta":{"ngg_post_thumbnail":0,"footnotes":""},"class_list":["post-2281","page","type-page","status-publish","hentry"],"_links":{"self":[{"href":"https:\/\/parafiadlugakoscielna.pl\/index.php?rest_route=\/wp\/v2\/pages\/2281","targetHints":{"allow":["GET"]}}],"collection":[{"href":"https:\/\/parafiadlugakoscielna.pl\/index.php?rest_route=\/wp\/v2\/pages"}],"about":[{"href":"https:\/\/parafiadlugakoscielna.pl\/index.php?rest_route=\/wp\/v2\/types\/page"}],"author":[{"embeddable":true,"href":"https:\/\/parafiadlugakoscielna.pl\/index.php?rest_route=\/wp\/v2\/users\/1"}],"replies":[{"embeddable":true,"href":"https:\/\/parafiadlugakoscielna.pl\/index.php?rest_route=%2Fwp%2Fv2%2Fcomments&post=2281"}],"version-history":[{"count":8,"href":"https:\/\/parafiadlugakoscielna.pl\/index.php?rest_route=\/wp\/v2\/pages\/2281\/revisions"}],"predecessor-version":[{"id":2619,"href":"https:\/\/parafiadlugakoscielna.pl\/index.php?rest_route=\/wp\/v2\/pages\/2281\/revisions\/2619"}],"wp:attachment":[{"href":"https:\/\/parafiadlugakoscielna.pl\/index.php?rest_route=%2Fwp%2Fv2%2Fmedia&parent=2281"}],"curies":[{"name":"wp","href":"https:\/\/api.w.org\/{rel}","templated":true}]}}