{"id":2568,"date":"2022-04-21T20:23:15","date_gmt":"2022-04-21T20:23:15","guid":{"rendered":"https:\/\/parafiadlugakoscielna.pl\/?page_id=2568"},"modified":"2022-04-21T20:26:32","modified_gmt":"2022-04-21T20:26:32","slug":"zalewanie-fundamentow","status":"publish","type":"page","link":"https:\/\/parafiadlugakoscielna.pl\/?page_id=2568","title":{"rendered":"Zalewanie fundament\u00f3w"},"content":{"rendered":"\t\t<div data-elementor-type=\"wp-page\" data-elementor-id=\"2568\" class=\"elementor elementor-2568\">\n\t\t\t\t\t\t<section class=\"elementor-section elementor-top-section elementor-element elementor-element-46f236f elementor-section-boxed elementor-section-height-default elementor-section-height-default\" data-id=\"46f236f\" data-element_type=\"section\" data-e-type=\"section\">\n\t\t\t\t\t\t<div class=\"elementor-container elementor-column-gap-default\">\n\t\t\t\t\t<div class=\"elementor-column elementor-col-100 elementor-top-column elementor-element elementor-element-3a3418d\" data-id=\"3a3418d\" data-element_type=\"column\" data-e-type=\"column\">\n\t\t\t<div class=\"elementor-widget-wrap elementor-element-populated\">\n\t\t\t\t\t\t<div class=\"elementor-element elementor-element-7d1d660 elementor-widget elementor-widget-text-editor\" data-id=\"7d1d660\" data-element_type=\"widget\" data-e-type=\"widget\" data-widget_type=\"text-editor.default\">\n\t\t\t\t<div class=\"elementor-widget-container\">\n\t\t\t\t\t\t\t\t\t<p>Zdj\u0119cia z 10 listopada 2020<br \/><strong style=\"font-family: 'Open Sans', sans-serif; font-style: normal; font-size: 14px; color: var( --e-global-color-text );\">Autor zdj\u0119\u0107:<\/strong><span style=\"font-family: 'Open Sans', sans-serif; font-style: normal; font-weight: 600; font-size: 14px; color: var( --e-global-color-text );\">\u00a0ksi\u0105dz Olgierd Filipowicz<\/span><\/p>\t\t\t\t\t\t\t\t<\/div>\n\t\t\t\t<\/div>\n\t\t\t\t\t<\/div>\n\t\t<\/div>\n\t\t\t\t\t<\/div>\n\t\t<\/section>\n\t\t\t\t<section class=\"elementor-section elementor-top-section elementor-element elementor-element-16e0546 elementor-section-boxed elementor-section-height-default elementor-section-height-default\" data-id=\"16e0546\" data-element_type=\"section\" data-e-type=\"section\">\n\t\t\t\t\t\t<div class=\"elementor-container elementor-column-gap-default\">\n\t\t\t\t\t<div class=\"elementor-column elementor-col-100 elementor-top-column elementor-element elementor-element-7ac30a3\" data-id=\"7ac30a3\" data-element_type=\"column\" data-e-type=\"column\">\n\t\t\t<div class=\"elementor-widget-wrap elementor-element-populated\">\n\t\t\t\t\t\t<div class=\"elementor-element elementor-element-f317533 elementor-align-center elementor-widget elementor-widget-button\" data-id=\"f317533\" data-element_type=\"widget\" data-e-type=\"widget\" data-widget_type=\"button.default\">\n\t\t\t\t<div class=\"elementor-widget-container\">\n\t\t\t\t\t\t\t\t\t<div class=\"elementor-button-wrapper\">\n\t\t\t\t\t<a class=\"elementor-button elementor-button-link elementor-size-sm\" href=\"https:\/\/parafiadlugakoscielna.pl\/?page_id=2263\">\n\t\t\t\t\t\t<span class=\"elementor-button-content-wrapper\">\n\t\t\t\t\t\t<span class=\"elementor-button-icon\">\n\t\t\t\t<i aria-hidden=\"true\" class=\"far fa-arrow-alt-circle-left\"><\/i>\t\t\t<\/span>\n\t\t\t\t\t\t\t\t\t<span class=\"elementor-button-text\"> Powr\u00f3t do albumu<\/span>\n\t\t\t\t\t<\/span>\n\t\t\t\t\t<\/a>\n\t\t\t\t<\/div>\n\t\t\t\t\t\t\t\t<\/div>\n\t\t\t\t<\/div>\n\t\t\t\t\t<\/div>\n\t\t<\/div>\n\t\t\t\t\t<\/div>\n\t\t<\/section>\n\t\t\t\t<section class=\"elementor-section elementor-top-section elementor-element elementor-element-f69aa33 elementor-section-boxed elementor-section-height-default elementor-section-height-default\" data-id=\"f69aa33\" data-element_type=\"section\" data-e-type=\"section\">\n\t\t\t\t\t\t<div class=\"elementor-container elementor-column-gap-wide\">\n\t\t\t\t\t<div class=\"elementor-column elementor-col-100 elementor-top-column elementor-element elementor-element-626853d\" data-id=\"626853d\" data-element_type=\"column\" data-e-type=\"column\" data-settings=\"{&quot;animation&quot;:&quot;none&quot;}\">\n\t\t\t<div class=\"elementor-widget-wrap elementor-element-populated\">\n\t\t\t\t\t\t<div class=\"elementor-element elementor-element-124eaf0 gallery-spacing-custom elementor-invisible elementor-widget elementor-widget-image-gallery\" data-id=\"124eaf0\" data-element_type=\"widget\" data-e-type=\"widget\" data-settings=\"{&quot;_animation&quot;:&quot;fadeIn&quot;}\" data-widget_type=\"image-gallery.default\">\n\t\t\t\t<div class=\"elementor-widget-container\">\n\t\t\t\t\t\t\t<div class=\"elementor-image-gallery\">\n\t\t\t<div id='gallery-1' class='gallery galleryid-2568 gallery-columns-3 gallery-size-medium'><figure class='gallery-item'>\n\t\t\t<div class='gallery-icon landscape'>\n\t\t\t\t<a data-elementor-open-lightbox=\"yes\" data-elementor-lightbox-slideshow=\"124eaf0\" data-e-action-hash=\"#elementor-action%3Aaction%3Dlightbox%26settings%3DeyJpZCI6MjAzOSwidXJsIjoiaHR0cHM6XC9cL3BhcmFmaWFkbHVnYWtvc2NpZWxuYS5wbFwvd3AtY29udGVudFwvdXBsb2Fkc1wvMjAyMlwvMDRcLzIwMjAtMTEtMTFfemFsZXdhbmllX2Z1bmRhbWVudG93XzAxLXNjYWxlZC5qcGciLCJzbGlkZXNob3ciOiIxMjRlYWYwIn0%3D\" href='https:\/\/parafiadlugakoscielna.pl\/wp-content\/uploads\/2022\/04\/2020-11-11_zalewanie_fundamentow_01-scaled.jpg'><img fetchpriority=\"high\" decoding=\"async\" width=\"300\" height=\"168\" src=\"https:\/\/parafiadlugakoscielna.pl\/wp-content\/uploads\/2022\/04\/2020-11-11_zalewanie_fundamentow_01-300x168.jpg\" class=\"attachment-medium size-medium\" alt=\"zbrojenia \u0142aw fundamentowych\" srcset=\"https:\/\/parafiadlugakoscielna.pl\/wp-content\/uploads\/2022\/04\/2020-11-11_zalewanie_fundamentow_01-300x168.jpg 300w, https:\/\/parafiadlugakoscielna.pl\/wp-content\/uploads\/2022\/04\/2020-11-11_zalewanie_fundamentow_01-1024x575.jpg 1024w, https:\/\/parafiadlugakoscielna.pl\/wp-content\/uploads\/2022\/04\/2020-11-11_zalewanie_fundamentow_01-768x431.jpg 768w, https:\/\/parafiadlugakoscielna.pl\/wp-content\/uploads\/2022\/04\/2020-11-11_zalewanie_fundamentow_01-1536x863.jpg 1536w, https:\/\/parafiadlugakoscielna.pl\/wp-content\/uploads\/2022\/04\/2020-11-11_zalewanie_fundamentow_01-2048x1150.jpg 2048w\" sizes=\"(max-width: 300px) 100vw, 300px\" \/><\/a>\n\t\t\t<\/div><\/figure><figure class='gallery-item'>\n\t\t\t<div class='gallery-icon landscape'>\n\t\t\t\t<a data-elementor-open-lightbox=\"yes\" data-elementor-lightbox-slideshow=\"124eaf0\" data-e-action-hash=\"#elementor-action%3Aaction%3Dlightbox%26settings%3DeyJpZCI6MjA0MSwidXJsIjoiaHR0cHM6XC9cL3BhcmFmaWFkbHVnYWtvc2NpZWxuYS5wbFwvd3AtY29udGVudFwvdXBsb2Fkc1wvMjAyMlwvMDRcLzIwMjAtMTEtMTFfemFsZXdhbmllX2Z1bmRhbWVudG93XzAzLXNjYWxlZC5qcGciLCJzbGlkZXNob3ciOiIxMjRlYWYwIn0%3D\" href='https:\/\/parafiadlugakoscielna.pl\/wp-content\/uploads\/2022\/04\/2020-11-11_zalewanie_fundamentow_03-scaled.jpg'><img decoding=\"async\" width=\"300\" height=\"168\" src=\"https:\/\/parafiadlugakoscielna.pl\/wp-content\/uploads\/2022\/04\/2020-11-11_zalewanie_fundamentow_03-300x168.jpg\" class=\"attachment-medium size-medium\" alt=\"\" srcset=\"https:\/\/parafiadlugakoscielna.pl\/wp-content\/uploads\/2022\/04\/2020-11-11_zalewanie_fundamentow_03-300x168.jpg 300w, https:\/\/parafiadlugakoscielna.pl\/wp-content\/uploads\/2022\/04\/2020-11-11_zalewanie_fundamentow_03-1024x575.jpg 1024w, https:\/\/parafiadlugakoscielna.pl\/wp-content\/uploads\/2022\/04\/2020-11-11_zalewanie_fundamentow_03-768x431.jpg 768w, https:\/\/parafiadlugakoscielna.pl\/wp-content\/uploads\/2022\/04\/2020-11-11_zalewanie_fundamentow_03-1536x863.jpg 1536w, https:\/\/parafiadlugakoscielna.pl\/wp-content\/uploads\/2022\/04\/2020-11-11_zalewanie_fundamentow_03-2048x1150.jpg 2048w\" sizes=\"(max-width: 300px) 100vw, 300px\" \/><\/a>\n\t\t\t<\/div><\/figure><figure class='gallery-item'>\n\t\t\t<div class='gallery-icon landscape'>\n\t\t\t\t<a data-elementor-open-lightbox=\"yes\" data-elementor-lightbox-slideshow=\"124eaf0\" data-e-action-hash=\"#elementor-action%3Aaction%3Dlightbox%26settings%3DeyJpZCI6MjA0MCwidXJsIjoiaHR0cHM6XC9cL3BhcmFmaWFkbHVnYWtvc2NpZWxuYS5wbFwvd3AtY29udGVudFwvdXBsb2Fkc1wvMjAyMlwvMDRcLzIwMjAtMTEtMTFfemFsZXdhbmllX2Z1bmRhbWVudG93XzAyLXNjYWxlZC5qcGciLCJzbGlkZXNob3ciOiIxMjRlYWYwIn0%3D\" href='https:\/\/parafiadlugakoscielna.pl\/wp-content\/uploads\/2022\/04\/2020-11-11_zalewanie_fundamentow_02-scaled.jpg'><img decoding=\"async\" width=\"300\" height=\"168\" src=\"https:\/\/parafiadlugakoscielna.pl\/wp-content\/uploads\/2022\/04\/2020-11-11_zalewanie_fundamentow_02-300x168.jpg\" class=\"attachment-medium size-medium\" alt=\"\" srcset=\"https:\/\/parafiadlugakoscielna.pl\/wp-content\/uploads\/2022\/04\/2020-11-11_zalewanie_fundamentow_02-300x168.jpg 300w, https:\/\/parafiadlugakoscielna.pl\/wp-content\/uploads\/2022\/04\/2020-11-11_zalewanie_fundamentow_02-1024x575.jpg 1024w, https:\/\/parafiadlugakoscielna.pl\/wp-content\/uploads\/2022\/04\/2020-11-11_zalewanie_fundamentow_02-768x431.jpg 768w, https:\/\/parafiadlugakoscielna.pl\/wp-content\/uploads\/2022\/04\/2020-11-11_zalewanie_fundamentow_02-1536x863.jpg 1536w, https:\/\/parafiadlugakoscielna.pl\/wp-content\/uploads\/2022\/04\/2020-11-11_zalewanie_fundamentow_02-2048x1150.jpg 2048w\" sizes=\"(max-width: 300px) 100vw, 300px\" \/><\/a>\n\t\t\t<\/div><\/figure><figure class='gallery-item'>\n\t\t\t<div class='gallery-icon landscape'>\n\t\t\t\t<a data-elementor-open-lightbox=\"yes\" data-elementor-lightbox-slideshow=\"124eaf0\" data-e-action-hash=\"#elementor-action%3Aaction%3Dlightbox%26settings%3DeyJpZCI6MjA0MywidXJsIjoiaHR0cHM6XC9cL3BhcmFmaWFkbHVnYWtvc2NpZWxuYS5wbFwvd3AtY29udGVudFwvdXBsb2Fkc1wvMjAyMlwvMDRcLzIwMjAtMTEtMTFfemFsZXdhbmllX2Z1bmRhbWVudG93XzA1LXNjYWxlZC5qcGciLCJzbGlkZXNob3ciOiIxMjRlYWYwIn0%3D\" href='https:\/\/parafiadlugakoscielna.pl\/wp-content\/uploads\/2022\/04\/2020-11-11_zalewanie_fundamentow_05-scaled.jpg'><img loading=\"lazy\" decoding=\"async\" width=\"300\" height=\"168\" src=\"https:\/\/parafiadlugakoscielna.pl\/wp-content\/uploads\/2022\/04\/2020-11-11_zalewanie_fundamentow_05-300x168.jpg\" class=\"attachment-medium size-medium\" alt=\"\" srcset=\"https:\/\/parafiadlugakoscielna.pl\/wp-content\/uploads\/2022\/04\/2020-11-11_zalewanie_fundamentow_05-300x168.jpg 300w, https:\/\/parafiadlugakoscielna.pl\/wp-content\/uploads\/2022\/04\/2020-11-11_zalewanie_fundamentow_05-1024x575.jpg 1024w, https:\/\/parafiadlugakoscielna.pl\/wp-content\/uploads\/2022\/04\/2020-11-11_zalewanie_fundamentow_05-768x431.jpg 768w, https:\/\/parafiadlugakoscielna.pl\/wp-content\/uploads\/2022\/04\/2020-11-11_zalewanie_fundamentow_05-1536x863.jpg 1536w, https:\/\/parafiadlugakoscielna.pl\/wp-content\/uploads\/2022\/04\/2020-11-11_zalewanie_fundamentow_05-2048x1150.jpg 2048w\" sizes=\"(max-width: 300px) 100vw, 300px\" \/><\/a>\n\t\t\t<\/div><\/figure><figure class='gallery-item'>\n\t\t\t<div class='gallery-icon landscape'>\n\t\t\t\t<a data-elementor-open-lightbox=\"yes\" data-elementor-lightbox-slideshow=\"124eaf0\" data-e-action-hash=\"#elementor-action%3Aaction%3Dlightbox%26settings%3DeyJpZCI6MjA0MiwidXJsIjoiaHR0cHM6XC9cL3BhcmFmaWFkbHVnYWtvc2NpZWxuYS5wbFwvd3AtY29udGVudFwvdXBsb2Fkc1wvMjAyMlwvMDRcLzIwMjAtMTEtMTFfemFsZXdhbmllX2Z1bmRhbWVudG93XzA0LXNjYWxlZC5qcGciLCJzbGlkZXNob3ciOiIxMjRlYWYwIn0%3D\" href='https:\/\/parafiadlugakoscielna.pl\/wp-content\/uploads\/2022\/04\/2020-11-11_zalewanie_fundamentow_04-scaled.jpg'><img loading=\"lazy\" decoding=\"async\" width=\"300\" height=\"168\" src=\"https:\/\/parafiadlugakoscielna.pl\/wp-content\/uploads\/2022\/04\/2020-11-11_zalewanie_fundamentow_04-300x168.jpg\" class=\"attachment-medium size-medium\" alt=\"zalewanie fundament\u00f3w\" srcset=\"https:\/\/parafiadlugakoscielna.pl\/wp-content\/uploads\/2022\/04\/2020-11-11_zalewanie_fundamentow_04-300x168.jpg 300w, https:\/\/parafiadlugakoscielna.pl\/wp-content\/uploads\/2022\/04\/2020-11-11_zalewanie_fundamentow_04-1024x575.jpg 1024w, https:\/\/parafiadlugakoscielna.pl\/wp-content\/uploads\/2022\/04\/2020-11-11_zalewanie_fundamentow_04-768x431.jpg 768w, https:\/\/parafiadlugakoscielna.pl\/wp-content\/uploads\/2022\/04\/2020-11-11_zalewanie_fundamentow_04-1536x863.jpg 1536w, https:\/\/parafiadlugakoscielna.pl\/wp-content\/uploads\/2022\/04\/2020-11-11_zalewanie_fundamentow_04-2048x1150.jpg 2048w\" sizes=\"(max-width: 300px) 100vw, 300px\" \/><\/a>\n\t\t\t<\/div><\/figure>\n\t\t<\/div>\n\t\t<\/div>\n\t\t\t\t\t\t<\/div>\n\t\t\t\t<\/div>\n\t\t\t\t\t<\/div>\n\t\t<\/div>\n\t\t\t\t\t<\/div>\n\t\t<\/section>\n\t\t\t\t<\/div>\n\t\t","protected":false},"excerpt":{"rendered":"<p>Zdj\u0119cia z 10 listopada 2020Autor zdj\u0119\u0107:\u00a0ksi\u0105dz Olgierd Filipowicz Powr\u00f3t do albumu<\/p>\n","protected":false},"author":1,"featured_media":0,"parent":0,"menu_order":0,"comment_status":"closed","ping_status":"closed","template":"","meta":{"ngg_post_thumbnail":0,"footnotes":""},"class_list":["post-2568","page","type-page","status-publish","hentry"],"_links":{"self":[{"href":"https:\/\/parafiadlugakoscielna.pl\/index.php?rest_route=\/wp\/v2\/pages\/2568","targetHints":{"allow":["GET"]}}],"collection":[{"href":"https:\/\/parafiadlugakoscielna.pl\/index.php?rest_route=\/wp\/v2\/pages"}],"about":[{"href":"https:\/\/parafiadlugakoscielna.pl\/index.php?rest_route=\/wp\/v2\/types\/page"}],"author":[{"embeddable":true,"href":"https:\/\/parafiadlugakoscielna.pl\/index.php?rest_route=\/wp\/v2\/users\/1"}],"replies":[{"embeddable":true,"href":"https:\/\/parafiadlugakoscielna.pl\/index.php?rest_route=%2Fwp%2Fv2%2Fcomments&post=2568"}],"version-history":[{"count":4,"href":"https:\/\/parafiadlugakoscielna.pl\/index.php?rest_route=\/wp\/v2\/pages\/2568\/revisions"}],"predecessor-version":[{"id":2573,"href":"https:\/\/parafiadlugakoscielna.pl\/index.php?rest_route=\/wp\/v2\/pages\/2568\/revisions\/2573"}],"wp:attachment":[{"href":"https:\/\/parafiadlugakoscielna.pl\/index.php?rest_route=%2Fwp%2Fv2%2Fmedia&parent=2568"}],"curies":[{"name":"wp","href":"https:\/\/api.w.org\/{rel}","templated":true}]}}