{"id":2600,"date":"2022-04-21T20:55:07","date_gmt":"2022-04-21T20:55:07","guid":{"rendered":"https:\/\/parafiadlugakoscielna.pl\/?page_id=2600"},"modified":"2022-04-21T20:57:49","modified_gmt":"2022-04-21T20:57:49","slug":"zdjecia-z-budowy-domu-parafialnego-23-08-2021","status":"publish","type":"page","link":"https:\/\/parafiadlugakoscielna.pl\/?page_id=2600","title":{"rendered":"Zdj\u0119cia z budowy domu parafialnego (08-08-2021)"},"content":{"rendered":"\t\t<div data-elementor-type=\"wp-page\" data-elementor-id=\"2600\" class=\"elementor elementor-2600\">\n\t\t\t\t\t\t<section class=\"elementor-section elementor-top-section elementor-element elementor-element-46f236f elementor-section-boxed elementor-section-height-default elementor-section-height-default\" data-id=\"46f236f\" data-element_type=\"section\" data-e-type=\"section\">\n\t\t\t\t\t\t<div class=\"elementor-container elementor-column-gap-default\">\n\t\t\t\t\t<div class=\"elementor-column elementor-col-100 elementor-top-column elementor-element elementor-element-3a3418d\" data-id=\"3a3418d\" data-element_type=\"column\" data-e-type=\"column\">\n\t\t\t<div class=\"elementor-widget-wrap elementor-element-populated\">\n\t\t\t\t\t\t<div class=\"elementor-element elementor-element-7d1d660 elementor-widget elementor-widget-text-editor\" data-id=\"7d1d660\" data-element_type=\"widget\" data-e-type=\"widget\" data-widget_type=\"text-editor.default\">\n\t\t\t\t<div class=\"elementor-widget-container\">\n\t\t\t\t\t\t\t\t\t<p><span style=\"color: #444444; font-family: 'Open Sans', 'Helvetica Neue', helvetica, arial, sans-serif; font-size: 14px; font-style: normal; font-weight: 400;\">Zdj\u0119cia wykonane 8 sierpnia 2021.<\/span><br \/><strong style=\"font-family: 'Open Sans', sans-serif; font-style: normal; font-size: 14px; color: var( --e-global-color-text );\">Autor zdj\u0119\u0107:<\/strong><span style=\"font-family: 'Open Sans', sans-serif; font-style: normal; font-weight: 600; font-size: 14px; color: var( --e-global-color-text );\">\u00a0Sylwester Ziemek<\/span><\/p>\t\t\t\t\t\t\t\t<\/div>\n\t\t\t\t<\/div>\n\t\t\t\t\t<\/div>\n\t\t<\/div>\n\t\t\t\t\t<\/div>\n\t\t<\/section>\n\t\t\t\t<section class=\"elementor-section elementor-top-section elementor-element elementor-element-16e0546 elementor-section-boxed elementor-section-height-default elementor-section-height-default\" data-id=\"16e0546\" data-element_type=\"section\" data-e-type=\"section\">\n\t\t\t\t\t\t<div class=\"elementor-container elementor-column-gap-default\">\n\t\t\t\t\t<div class=\"elementor-column elementor-col-100 elementor-top-column elementor-element elementor-element-7ac30a3\" data-id=\"7ac30a3\" data-element_type=\"column\" data-e-type=\"column\">\n\t\t\t<div class=\"elementor-widget-wrap elementor-element-populated\">\n\t\t\t\t\t\t<div class=\"elementor-element elementor-element-f317533 elementor-align-center elementor-widget elementor-widget-button\" data-id=\"f317533\" data-element_type=\"widget\" data-e-type=\"widget\" data-widget_type=\"button.default\">\n\t\t\t\t<div class=\"elementor-widget-container\">\n\t\t\t\t\t\t\t\t\t<div class=\"elementor-button-wrapper\">\n\t\t\t\t\t<a class=\"elementor-button elementor-button-link elementor-size-sm\" href=\"https:\/\/parafiadlugakoscielna.pl\/?page_id=2263\">\n\t\t\t\t\t\t<span class=\"elementor-button-content-wrapper\">\n\t\t\t\t\t\t<span class=\"elementor-button-icon\">\n\t\t\t\t<i aria-hidden=\"true\" class=\"far fa-arrow-alt-circle-left\"><\/i>\t\t\t<\/span>\n\t\t\t\t\t\t\t\t\t<span class=\"elementor-button-text\"> Powr\u00f3t do albumu<\/span>\n\t\t\t\t\t<\/span>\n\t\t\t\t\t<\/a>\n\t\t\t\t<\/div>\n\t\t\t\t\t\t\t\t<\/div>\n\t\t\t\t<\/div>\n\t\t\t\t\t<\/div>\n\t\t<\/div>\n\t\t\t\t\t<\/div>\n\t\t<\/section>\n\t\t\t\t<section class=\"elementor-section elementor-top-section elementor-element elementor-element-f69aa33 elementor-section-boxed elementor-section-height-default elementor-section-height-default\" data-id=\"f69aa33\" data-element_type=\"section\" data-e-type=\"section\">\n\t\t\t\t\t\t<div class=\"elementor-container elementor-column-gap-wide\">\n\t\t\t\t\t<div class=\"elementor-column elementor-col-100 elementor-top-column elementor-element elementor-element-626853d\" data-id=\"626853d\" data-element_type=\"column\" data-e-type=\"column\" data-settings=\"{&quot;animation&quot;:&quot;none&quot;}\">\n\t\t\t<div class=\"elementor-widget-wrap elementor-element-populated\">\n\t\t\t\t\t\t<div class=\"elementor-element elementor-element-124eaf0 gallery-spacing-custom elementor-invisible elementor-widget elementor-widget-image-gallery\" data-id=\"124eaf0\" data-element_type=\"widget\" data-e-type=\"widget\" data-settings=\"{&quot;_animation&quot;:&quot;fadeIn&quot;}\" data-widget_type=\"image-gallery.default\">\n\t\t\t\t<div class=\"elementor-widget-container\">\n\t\t\t\t\t\t\t<div class=\"elementor-image-gallery\">\n\t\t\t<div id='gallery-1' class='gallery galleryid-2600 gallery-columns-2 gallery-size-medium'><figure class='gallery-item'>\n\t\t\t<div class='gallery-icon landscape'>\n\t\t\t\t<a data-elementor-open-lightbox=\"yes\" data-elementor-lightbox-slideshow=\"124eaf0\" data-elementor-lightbox-title=\"2021-08-08_DP6\" data-e-action-hash=\"#elementor-action%3Aaction%3Dlightbox%26settings%3DeyJpZCI6MTQxMCwidXJsIjoiaHR0cHM6XC9cL3BhcmFmaWFkbHVnYWtvc2NpZWxuYS5wbFwvd3AtY29udGVudFwvdXBsb2Fkc1wvMjAyMVwvMDhcLzIwMjEtMDgtMDhfRFA2LmpwZyIsInNsaWRlc2hvdyI6IjEyNGVhZjAifQ%3D%3D\" href='https:\/\/parafiadlugakoscielna.pl\/wp-content\/uploads\/2021\/08\/2021-08-08_DP6.jpg'><img fetchpriority=\"high\" decoding=\"async\" width=\"300\" height=\"225\" src=\"https:\/\/parafiadlugakoscielna.pl\/wp-content\/uploads\/2021\/08\/2021-08-08_DP6-300x225.jpg\" class=\"attachment-medium size-medium\" alt=\"\" srcset=\"https:\/\/parafiadlugakoscielna.pl\/wp-content\/uploads\/2021\/08\/2021-08-08_DP6-300x225.jpg 300w, https:\/\/parafiadlugakoscielna.pl\/wp-content\/uploads\/2021\/08\/2021-08-08_DP6-768x576.jpg 768w, https:\/\/parafiadlugakoscielna.pl\/wp-content\/uploads\/2021\/08\/2021-08-08_DP6.jpg 800w\" sizes=\"(max-width: 300px) 100vw, 300px\" \/><\/a>\n\t\t\t<\/div><\/figure><figure class='gallery-item'>\n\t\t\t<div class='gallery-icon portrait'>\n\t\t\t\t<a data-elementor-open-lightbox=\"yes\" data-elementor-lightbox-slideshow=\"124eaf0\" data-elementor-lightbox-title=\"2021-08-08_DP5\" data-e-action-hash=\"#elementor-action%3Aaction%3Dlightbox%26settings%3DeyJpZCI6MTQwOSwidXJsIjoiaHR0cHM6XC9cL3BhcmFmaWFkbHVnYWtvc2NpZWxuYS5wbFwvd3AtY29udGVudFwvdXBsb2Fkc1wvMjAyMVwvMDhcLzIwMjEtMDgtMDhfRFA1LmpwZyIsInNsaWRlc2hvdyI6IjEyNGVhZjAifQ%3D%3D\" href='https:\/\/parafiadlugakoscielna.pl\/wp-content\/uploads\/2021\/08\/2021-08-08_DP5.jpg'><img decoding=\"async\" width=\"225\" height=\"300\" src=\"https:\/\/parafiadlugakoscielna.pl\/wp-content\/uploads\/2021\/08\/2021-08-08_DP5-225x300.jpg\" class=\"attachment-medium size-medium\" alt=\"\" srcset=\"https:\/\/parafiadlugakoscielna.pl\/wp-content\/uploads\/2021\/08\/2021-08-08_DP5-225x300.jpg 225w, https:\/\/parafiadlugakoscielna.pl\/wp-content\/uploads\/2021\/08\/2021-08-08_DP5.jpg 600w\" sizes=\"(max-width: 225px) 100vw, 225px\" \/><\/a>\n\t\t\t<\/div><\/figure><figure class='gallery-item'>\n\t\t\t<div class='gallery-icon landscape'>\n\t\t\t\t<a data-elementor-open-lightbox=\"yes\" data-elementor-lightbox-slideshow=\"124eaf0\" data-elementor-lightbox-title=\"2021-08-08_DP4\" data-e-action-hash=\"#elementor-action%3Aaction%3Dlightbox%26settings%3DeyJpZCI6MTQwOCwidXJsIjoiaHR0cHM6XC9cL3BhcmFmaWFkbHVnYWtvc2NpZWxuYS5wbFwvd3AtY29udGVudFwvdXBsb2Fkc1wvMjAyMVwvMDhcLzIwMjEtMDgtMDhfRFA0LmpwZyIsInNsaWRlc2hvdyI6IjEyNGVhZjAifQ%3D%3D\" href='https:\/\/parafiadlugakoscielna.pl\/wp-content\/uploads\/2021\/08\/2021-08-08_DP4.jpg'><img decoding=\"async\" width=\"300\" height=\"225\" src=\"https:\/\/parafiadlugakoscielna.pl\/wp-content\/uploads\/2021\/08\/2021-08-08_DP4-300x225.jpg\" class=\"attachment-medium size-medium\" alt=\"\" srcset=\"https:\/\/parafiadlugakoscielna.pl\/wp-content\/uploads\/2021\/08\/2021-08-08_DP4-300x225.jpg 300w, https:\/\/parafiadlugakoscielna.pl\/wp-content\/uploads\/2021\/08\/2021-08-08_DP4-768x576.jpg 768w, https:\/\/parafiadlugakoscielna.pl\/wp-content\/uploads\/2021\/08\/2021-08-08_DP4.jpg 800w\" sizes=\"(max-width: 300px) 100vw, 300px\" \/><\/a>\n\t\t\t<\/div><\/figure><figure class='gallery-item'>\n\t\t\t<div class='gallery-icon landscape'>\n\t\t\t\t<a data-elementor-open-lightbox=\"yes\" data-elementor-lightbox-slideshow=\"124eaf0\" data-elementor-lightbox-title=\"2021-08-08_DP3\" data-e-action-hash=\"#elementor-action%3Aaction%3Dlightbox%26settings%3DeyJpZCI6MTQwNywidXJsIjoiaHR0cHM6XC9cL3BhcmFmaWFkbHVnYWtvc2NpZWxuYS5wbFwvd3AtY29udGVudFwvdXBsb2Fkc1wvMjAyMVwvMDhcLzIwMjEtMDgtMDhfRFAzLmpwZyIsInNsaWRlc2hvdyI6IjEyNGVhZjAifQ%3D%3D\" href='https:\/\/parafiadlugakoscielna.pl\/wp-content\/uploads\/2021\/08\/2021-08-08_DP3.jpg'><img loading=\"lazy\" decoding=\"async\" width=\"300\" height=\"225\" src=\"https:\/\/parafiadlugakoscielna.pl\/wp-content\/uploads\/2021\/08\/2021-08-08_DP3-300x225.jpg\" class=\"attachment-medium size-medium\" alt=\"\" srcset=\"https:\/\/parafiadlugakoscielna.pl\/wp-content\/uploads\/2021\/08\/2021-08-08_DP3-300x225.jpg 300w, https:\/\/parafiadlugakoscielna.pl\/wp-content\/uploads\/2021\/08\/2021-08-08_DP3-768x576.jpg 768w, https:\/\/parafiadlugakoscielna.pl\/wp-content\/uploads\/2021\/08\/2021-08-08_DP3.jpg 800w\" sizes=\"(max-width: 300px) 100vw, 300px\" \/><\/a>\n\t\t\t<\/div><\/figure><figure class='gallery-item'>\n\t\t\t<div class='gallery-icon landscape'>\n\t\t\t\t<a data-elementor-open-lightbox=\"yes\" data-elementor-lightbox-slideshow=\"124eaf0\" data-elementor-lightbox-title=\"2021-08-08_DP2\" data-e-action-hash=\"#elementor-action%3Aaction%3Dlightbox%26settings%3DeyJpZCI6MTQwNiwidXJsIjoiaHR0cHM6XC9cL3BhcmFmaWFkbHVnYWtvc2NpZWxuYS5wbFwvd3AtY29udGVudFwvdXBsb2Fkc1wvMjAyMVwvMDhcLzIwMjEtMDgtMDhfRFAyLmpwZyIsInNsaWRlc2hvdyI6IjEyNGVhZjAifQ%3D%3D\" href='https:\/\/parafiadlugakoscielna.pl\/wp-content\/uploads\/2021\/08\/2021-08-08_DP2.jpg'><img loading=\"lazy\" decoding=\"async\" width=\"300\" height=\"225\" src=\"https:\/\/parafiadlugakoscielna.pl\/wp-content\/uploads\/2021\/08\/2021-08-08_DP2-300x225.jpg\" class=\"attachment-medium size-medium\" alt=\"\" srcset=\"https:\/\/parafiadlugakoscielna.pl\/wp-content\/uploads\/2021\/08\/2021-08-08_DP2-300x225.jpg 300w, https:\/\/parafiadlugakoscielna.pl\/wp-content\/uploads\/2021\/08\/2021-08-08_DP2-768x576.jpg 768w, https:\/\/parafiadlugakoscielna.pl\/wp-content\/uploads\/2021\/08\/2021-08-08_DP2.jpg 800w\" sizes=\"(max-width: 300px) 100vw, 300px\" \/><\/a>\n\t\t\t<\/div><\/figure><figure class='gallery-item'>\n\t\t\t<div class='gallery-icon landscape'>\n\t\t\t\t<a data-elementor-open-lightbox=\"yes\" data-elementor-lightbox-slideshow=\"124eaf0\" data-elementor-lightbox-title=\"2021-08-08_DP2\" data-e-action-hash=\"#elementor-action%3Aaction%3Dlightbox%26settings%3DeyJpZCI6MTQwNSwidXJsIjoiaHR0cHM6XC9cL3BhcmFmaWFkbHVnYWtvc2NpZWxuYS5wbFwvd3AtY29udGVudFwvdXBsb2Fkc1wvMjAyMVwvMDhcLzIwMjEtMDgtMDhfRFAxLmpwZyIsInNsaWRlc2hvdyI6IjEyNGVhZjAifQ%3D%3D\" href='https:\/\/parafiadlugakoscielna.pl\/wp-content\/uploads\/2021\/08\/2021-08-08_DP1.jpg'><img loading=\"lazy\" decoding=\"async\" width=\"300\" height=\"225\" src=\"https:\/\/parafiadlugakoscielna.pl\/wp-content\/uploads\/2021\/08\/2021-08-08_DP1-300x225.jpg\" class=\"attachment-medium size-medium\" alt=\"\" srcset=\"https:\/\/parafiadlugakoscielna.pl\/wp-content\/uploads\/2021\/08\/2021-08-08_DP1-300x225.jpg 300w, https:\/\/parafiadlugakoscielna.pl\/wp-content\/uploads\/2021\/08\/2021-08-08_DP1-768x576.jpg 768w, https:\/\/parafiadlugakoscielna.pl\/wp-content\/uploads\/2021\/08\/2021-08-08_DP1.jpg 800w\" sizes=\"(max-width: 300px) 100vw, 300px\" \/><\/a>\n\t\t\t<\/div><\/figure>\n\t\t<\/div>\n\t\t<\/div>\n\t\t\t\t\t\t<\/div>\n\t\t\t\t<\/div>\n\t\t\t\t\t<\/div>\n\t\t<\/div>\n\t\t\t\t\t<\/div>\n\t\t<\/section>\n\t\t\t\t<\/div>\n\t\t","protected":false},"excerpt":{"rendered":"<p>Zdj\u0119cia wykonane 8 sierpnia 2021. Autor zdj\u0119\u0107:&nbsp;Sylwester Ziemek Powr\u00f3t do albumu<\/p>\n","protected":false},"author":1,"featured_media":0,"parent":0,"menu_order":0,"comment_status":"closed","ping_status":"closed","template":"","meta":{"ngg_post_thumbnail":0,"footnotes":""},"class_list":["post-2600","page","type-page","status-publish","hentry"],"_links":{"self":[{"href":"https:\/\/parafiadlugakoscielna.pl\/index.php?rest_route=\/wp\/v2\/pages\/2600","targetHints":{"allow":["GET"]}}],"collection":[{"href":"https:\/\/parafiadlugakoscielna.pl\/index.php?rest_route=\/wp\/v2\/pages"}],"about":[{"href":"https:\/\/parafiadlugakoscielna.pl\/index.php?rest_route=\/wp\/v2\/types\/page"}],"author":[{"embeddable":true,"href":"https:\/\/parafiadlugakoscielna.pl\/index.php?rest_route=\/wp\/v2\/users\/1"}],"replies":[{"embeddable":true,"href":"https:\/\/parafiadlugakoscielna.pl\/index.php?rest_route=%2Fwp%2Fv2%2Fcomments&post=2600"}],"version-history":[{"count":8,"href":"https:\/\/parafiadlugakoscielna.pl\/index.php?rest_route=\/wp\/v2\/pages\/2600\/revisions"}],"predecessor-version":[{"id":2609,"href":"https:\/\/parafiadlugakoscielna.pl\/index.php?rest_route=\/wp\/v2\/pages\/2600\/revisions\/2609"}],"wp:attachment":[{"href":"https:\/\/parafiadlugakoscielna.pl\/index.php?rest_route=%2Fwp%2Fv2%2Fmedia&parent=2600"}],"curies":[{"name":"wp","href":"https:\/\/api.w.org\/{rel}","templated":true}]}}