{"id":2610,"date":"2022-04-21T20:59:03","date_gmt":"2022-04-21T20:59:03","guid":{"rendered":"https:\/\/parafiadlugakoscielna.pl\/?page_id=2610"},"modified":"2022-04-21T21:00:43","modified_gmt":"2022-04-21T21:00:43","slug":"dom-parafialny-ma-poszycie-dachowe-24-09-2021","status":"publish","type":"page","link":"https:\/\/parafiadlugakoscielna.pl\/?page_id=2610","title":{"rendered":"Dom parafialny ma poszycie dachowe (24-09-2021)"},"content":{"rendered":"\t\t<div data-elementor-type=\"wp-page\" data-elementor-id=\"2610\" class=\"elementor elementor-2610\">\n\t\t\t\t\t\t<section class=\"elementor-section elementor-top-section elementor-element elementor-element-46f236f elementor-section-boxed elementor-section-height-default elementor-section-height-default\" data-id=\"46f236f\" data-element_type=\"section\" data-e-type=\"section\">\n\t\t\t\t\t\t<div class=\"elementor-container elementor-column-gap-default\">\n\t\t\t\t\t<div class=\"elementor-column elementor-col-100 elementor-top-column elementor-element elementor-element-3a3418d\" data-id=\"3a3418d\" data-element_type=\"column\" data-e-type=\"column\">\n\t\t\t<div class=\"elementor-widget-wrap elementor-element-populated\">\n\t\t\t\t\t\t<div class=\"elementor-element elementor-element-7d1d660 elementor-widget elementor-widget-text-editor\" data-id=\"7d1d660\" data-element_type=\"widget\" data-e-type=\"widget\" data-widget_type=\"text-editor.default\">\n\t\t\t\t<div class=\"elementor-widget-container\">\n\t\t\t\t\t\t\t\t\t<p><span style=\"color: #444444; font-family: 'Open Sans', 'Helvetica Neue', helvetica, arial, sans-serif; font-size: 14px; font-style: normal; font-weight: 400;\">Zdj\u0119cia wykonane 24 wrze\u015bnia 2021.<\/span><br \/><strong style=\"font-family: 'Open Sans', sans-serif; font-style: normal; font-size: 14px; color: var( --e-global-color-text );\">Autor zdj\u0119\u0107:<\/strong><span style=\"font-family: 'Open Sans', sans-serif; font-style: normal; font-weight: 600; font-size: 14px; color: var( --e-global-color-text );\">\u00a0Sylwester Ziemek<\/span><\/p>\t\t\t\t\t\t\t\t<\/div>\n\t\t\t\t<\/div>\n\t\t\t\t\t<\/div>\n\t\t<\/div>\n\t\t\t\t\t<\/div>\n\t\t<\/section>\n\t\t\t\t<section class=\"elementor-section elementor-top-section elementor-element elementor-element-16e0546 elementor-section-boxed elementor-section-height-default elementor-section-height-default\" data-id=\"16e0546\" data-element_type=\"section\" data-e-type=\"section\">\n\t\t\t\t\t\t<div class=\"elementor-container elementor-column-gap-default\">\n\t\t\t\t\t<div class=\"elementor-column elementor-col-100 elementor-top-column elementor-element elementor-element-7ac30a3\" data-id=\"7ac30a3\" data-element_type=\"column\" data-e-type=\"column\">\n\t\t\t<div class=\"elementor-widget-wrap elementor-element-populated\">\n\t\t\t\t\t\t<div class=\"elementor-element elementor-element-f317533 elementor-align-center elementor-widget elementor-widget-button\" data-id=\"f317533\" data-element_type=\"widget\" data-e-type=\"widget\" data-widget_type=\"button.default\">\n\t\t\t\t<div class=\"elementor-widget-container\">\n\t\t\t\t\t\t\t\t\t<div class=\"elementor-button-wrapper\">\n\t\t\t\t\t<a class=\"elementor-button elementor-button-link elementor-size-sm\" href=\"https:\/\/parafiadlugakoscielna.pl\/?page_id=2263\">\n\t\t\t\t\t\t<span class=\"elementor-button-content-wrapper\">\n\t\t\t\t\t\t<span class=\"elementor-button-icon\">\n\t\t\t\t<i aria-hidden=\"true\" class=\"far fa-arrow-alt-circle-left\"><\/i>\t\t\t<\/span>\n\t\t\t\t\t\t\t\t\t<span class=\"elementor-button-text\"> Powr\u00f3t do albumu<\/span>\n\t\t\t\t\t<\/span>\n\t\t\t\t\t<\/a>\n\t\t\t\t<\/div>\n\t\t\t\t\t\t\t\t<\/div>\n\t\t\t\t<\/div>\n\t\t\t\t\t<\/div>\n\t\t<\/div>\n\t\t\t\t\t<\/div>\n\t\t<\/section>\n\t\t\t\t<section class=\"elementor-section elementor-top-section elementor-element elementor-element-f69aa33 elementor-section-boxed elementor-section-height-default elementor-section-height-default\" data-id=\"f69aa33\" data-element_type=\"section\" data-e-type=\"section\">\n\t\t\t\t\t\t<div class=\"elementor-container elementor-column-gap-wide\">\n\t\t\t\t\t<div class=\"elementor-column elementor-col-100 elementor-top-column elementor-element elementor-element-626853d\" data-id=\"626853d\" data-element_type=\"column\" data-e-type=\"column\" data-settings=\"{&quot;animation&quot;:&quot;none&quot;}\">\n\t\t\t<div class=\"elementor-widget-wrap elementor-element-populated\">\n\t\t\t\t\t\t<div class=\"elementor-element elementor-element-124eaf0 gallery-spacing-custom elementor-invisible elementor-widget elementor-widget-image-gallery\" data-id=\"124eaf0\" data-element_type=\"widget\" data-e-type=\"widget\" data-settings=\"{&quot;_animation&quot;:&quot;fadeIn&quot;}\" data-widget_type=\"image-gallery.default\">\n\t\t\t\t<div class=\"elementor-widget-container\">\n\t\t\t\t\t\t\t<div class=\"elementor-image-gallery\">\n\t\t\t<div id='gallery-1' class='gallery galleryid-2610 gallery-columns-2 gallery-size-medium'><figure class='gallery-item'>\n\t\t\t<div class='gallery-icon landscape'>\n\t\t\t\t<a data-elementor-open-lightbox=\"yes\" data-elementor-lightbox-slideshow=\"124eaf0\" data-elementor-lightbox-title=\"2021-09-24_dom_parafialny\" data-e-action-hash=\"#elementor-action%3Aaction%3Dlightbox%26settings%3DeyJpZCI6MTQ2MiwidXJsIjoiaHR0cHM6XC9cL3BhcmFmaWFkbHVnYWtvc2NpZWxuYS5wbFwvd3AtY29udGVudFwvdXBsb2Fkc1wvMjAyMVwvMDlcLzIwMjEtMDktMjRfZG9tX3BhcmFmaWFsbnkuanBnIiwic2xpZGVzaG93IjoiMTI0ZWFmMCJ9\" href='https:\/\/parafiadlugakoscielna.pl\/wp-content\/uploads\/2021\/09\/2021-09-24_dom_parafialny.jpg'><img fetchpriority=\"high\" decoding=\"async\" width=\"300\" height=\"173\" src=\"https:\/\/parafiadlugakoscielna.pl\/wp-content\/uploads\/2021\/09\/2021-09-24_dom_parafialny-300x173.jpg\" class=\"attachment-medium size-medium\" alt=\"\" srcset=\"https:\/\/parafiadlugakoscielna.pl\/wp-content\/uploads\/2021\/09\/2021-09-24_dom_parafialny-300x173.jpg 300w, https:\/\/parafiadlugakoscielna.pl\/wp-content\/uploads\/2021\/09\/2021-09-24_dom_parafialny-1024x591.jpg 1024w, https:\/\/parafiadlugakoscielna.pl\/wp-content\/uploads\/2021\/09\/2021-09-24_dom_parafialny-768x444.jpg 768w, https:\/\/parafiadlugakoscielna.pl\/wp-content\/uploads\/2021\/09\/2021-09-24_dom_parafialny.jpg 1167w\" sizes=\"(max-width: 300px) 100vw, 300px\" \/><\/a>\n\t\t\t<\/div><\/figure><figure class='gallery-item'>\n\t\t\t<div class='gallery-icon landscape'>\n\t\t\t\t<a data-elementor-open-lightbox=\"yes\" data-elementor-lightbox-slideshow=\"124eaf0\" data-elementor-lightbox-title=\"2021-09-24_dom_parafialny1\" data-e-action-hash=\"#elementor-action%3Aaction%3Dlightbox%26settings%3DeyJpZCI6MTQ2MywidXJsIjoiaHR0cHM6XC9cL3BhcmFmaWFkbHVnYWtvc2NpZWxuYS5wbFwvd3AtY29udGVudFwvdXBsb2Fkc1wvMjAyMVwvMDlcLzIwMjEtMDktMjRfZG9tX3BhcmFmaWFsbnkxLmpwZyIsInNsaWRlc2hvdyI6IjEyNGVhZjAifQ%3D%3D\" href='https:\/\/parafiadlugakoscielna.pl\/wp-content\/uploads\/2021\/09\/2021-09-24_dom_parafialny1.jpg'><img decoding=\"async\" width=\"300\" height=\"172\" src=\"https:\/\/parafiadlugakoscielna.pl\/wp-content\/uploads\/2021\/09\/2021-09-24_dom_parafialny1-300x172.jpg\" class=\"attachment-medium size-medium\" alt=\"\" srcset=\"https:\/\/parafiadlugakoscielna.pl\/wp-content\/uploads\/2021\/09\/2021-09-24_dom_parafialny1-300x172.jpg 300w, https:\/\/parafiadlugakoscielna.pl\/wp-content\/uploads\/2021\/09\/2021-09-24_dom_parafialny1-1024x586.jpg 1024w, https:\/\/parafiadlugakoscielna.pl\/wp-content\/uploads\/2021\/09\/2021-09-24_dom_parafialny1-768x440.jpg 768w, https:\/\/parafiadlugakoscielna.pl\/wp-content\/uploads\/2021\/09\/2021-09-24_dom_parafialny1.jpg 1170w\" sizes=\"(max-width: 300px) 100vw, 300px\" \/><\/a>\n\t\t\t<\/div><\/figure><figure class='gallery-item'>\n\t\t\t<div class='gallery-icon landscape'>\n\t\t\t\t<a data-elementor-open-lightbox=\"yes\" data-elementor-lightbox-slideshow=\"124eaf0\" data-elementor-lightbox-title=\"2021-09-24_dom_parafialny3\" data-e-action-hash=\"#elementor-action%3Aaction%3Dlightbox%26settings%3DeyJpZCI6MTQ2NCwidXJsIjoiaHR0cHM6XC9cL3BhcmFmaWFkbHVnYWtvc2NpZWxuYS5wbFwvd3AtY29udGVudFwvdXBsb2Fkc1wvMjAyMVwvMDlcLzIwMjEtMDktMjRfZG9tX3BhcmFmaWFsbnkzLmpwZyIsInNsaWRlc2hvdyI6IjEyNGVhZjAifQ%3D%3D\" href='https:\/\/parafiadlugakoscielna.pl\/wp-content\/uploads\/2021\/09\/2021-09-24_dom_parafialny3.jpg'><img decoding=\"async\" width=\"300\" height=\"196\" src=\"https:\/\/parafiadlugakoscielna.pl\/wp-content\/uploads\/2021\/09\/2021-09-24_dom_parafialny3-300x196.jpg\" class=\"attachment-medium size-medium\" alt=\"\" srcset=\"https:\/\/parafiadlugakoscielna.pl\/wp-content\/uploads\/2021\/09\/2021-09-24_dom_parafialny3-300x196.jpg 300w, https:\/\/parafiadlugakoscielna.pl\/wp-content\/uploads\/2021\/09\/2021-09-24_dom_parafialny3-1024x669.jpg 1024w, https:\/\/parafiadlugakoscielna.pl\/wp-content\/uploads\/2021\/09\/2021-09-24_dom_parafialny3-768x502.jpg 768w, https:\/\/parafiadlugakoscielna.pl\/wp-content\/uploads\/2021\/09\/2021-09-24_dom_parafialny3.jpg 1077w\" sizes=\"(max-width: 300px) 100vw, 300px\" \/><\/a>\n\t\t\t<\/div><\/figure><figure class='gallery-item'>\n\t\t\t<div class='gallery-icon portrait'>\n\t\t\t\t<a data-elementor-open-lightbox=\"yes\" data-elementor-lightbox-slideshow=\"124eaf0\" data-elementor-lightbox-title=\"2021-09-24_dom_parafialny4\" data-e-action-hash=\"#elementor-action%3Aaction%3Dlightbox%26settings%3DeyJpZCI6MTQ2NSwidXJsIjoiaHR0cHM6XC9cL3BhcmFmaWFkbHVnYWtvc2NpZWxuYS5wbFwvd3AtY29udGVudFwvdXBsb2Fkc1wvMjAyMVwvMDlcLzIwMjEtMDktMjRfZG9tX3BhcmFmaWFsbnk0LmpwZyIsInNsaWRlc2hvdyI6IjEyNGVhZjAifQ%3D%3D\" href='https:\/\/parafiadlugakoscielna.pl\/wp-content\/uploads\/2021\/09\/2021-09-24_dom_parafialny4.jpg'><img loading=\"lazy\" decoding=\"async\" width=\"232\" height=\"300\" src=\"https:\/\/parafiadlugakoscielna.pl\/wp-content\/uploads\/2021\/09\/2021-09-24_dom_parafialny4-232x300.jpg\" class=\"attachment-medium size-medium\" alt=\"\" srcset=\"https:\/\/parafiadlugakoscielna.pl\/wp-content\/uploads\/2021\/09\/2021-09-24_dom_parafialny4-232x300.jpg 232w, https:\/\/parafiadlugakoscielna.pl\/wp-content\/uploads\/2021\/09\/2021-09-24_dom_parafialny4.jpg 649w\" sizes=\"(max-width: 232px) 100vw, 232px\" \/><\/a>\n\t\t\t<\/div><\/figure><figure class='gallery-item'>\n\t\t\t<div class='gallery-icon landscape'>\n\t\t\t\t<a data-elementor-open-lightbox=\"yes\" data-elementor-lightbox-slideshow=\"124eaf0\" data-elementor-lightbox-title=\"2021-09-24_dom_parafialny5\" data-e-action-hash=\"#elementor-action%3Aaction%3Dlightbox%26settings%3DeyJpZCI6MTQ2NiwidXJsIjoiaHR0cHM6XC9cL3BhcmFmaWFkbHVnYWtvc2NpZWxuYS5wbFwvd3AtY29udGVudFwvdXBsb2Fkc1wvMjAyMVwvMDlcLzIwMjEtMDktMjRfZG9tX3BhcmFmaWFsbnk1LmpwZyIsInNsaWRlc2hvdyI6IjEyNGVhZjAifQ%3D%3D\" href='https:\/\/parafiadlugakoscielna.pl\/wp-content\/uploads\/2021\/09\/2021-09-24_dom_parafialny5.jpg'><img loading=\"lazy\" decoding=\"async\" width=\"300\" height=\"217\" src=\"https:\/\/parafiadlugakoscielna.pl\/wp-content\/uploads\/2021\/09\/2021-09-24_dom_parafialny5-300x217.jpg\" class=\"attachment-medium size-medium\" alt=\"\" srcset=\"https:\/\/parafiadlugakoscielna.pl\/wp-content\/uploads\/2021\/09\/2021-09-24_dom_parafialny5-300x217.jpg 300w, https:\/\/parafiadlugakoscielna.pl\/wp-content\/uploads\/2021\/09\/2021-09-24_dom_parafialny5-1024x742.jpg 1024w, https:\/\/parafiadlugakoscielna.pl\/wp-content\/uploads\/2021\/09\/2021-09-24_dom_parafialny5-768x556.jpg 768w, https:\/\/parafiadlugakoscielna.pl\/wp-content\/uploads\/2021\/09\/2021-09-24_dom_parafialny5.jpg 1142w\" sizes=\"(max-width: 300px) 100vw, 300px\" \/><\/a>\n\t\t\t<\/div><\/figure>\n\t\t<\/div>\n\t\t<\/div>\n\t\t\t\t\t\t<\/div>\n\t\t\t\t<\/div>\n\t\t\t\t\t<\/div>\n\t\t<\/div>\n\t\t\t\t\t<\/div>\n\t\t<\/section>\n\t\t\t\t<\/div>\n\t\t","protected":false},"excerpt":{"rendered":"<p>Zdj\u0119cia wykonane 24 wrze\u015bnia 2021.Autor zdj\u0119\u0107:\u00a0Sylwester Ziemek Powr\u00f3t do albumu<\/p>\n","protected":false},"author":1,"featured_media":0,"parent":0,"menu_order":0,"comment_status":"closed","ping_status":"closed","template":"","meta":{"ngg_post_thumbnail":0,"footnotes":""},"class_list":["post-2610","page","type-page","status-publish","hentry"],"_links":{"self":[{"href":"https:\/\/parafiadlugakoscielna.pl\/index.php?rest_route=\/wp\/v2\/pages\/2610","targetHints":{"allow":["GET"]}}],"collection":[{"href":"https:\/\/parafiadlugakoscielna.pl\/index.php?rest_route=\/wp\/v2\/pages"}],"about":[{"href":"https:\/\/parafiadlugakoscielna.pl\/index.php?rest_route=\/wp\/v2\/types\/page"}],"author":[{"embeddable":true,"href":"https:\/\/parafiadlugakoscielna.pl\/index.php?rest_route=\/wp\/v2\/users\/1"}],"replies":[{"embeddable":true,"href":"https:\/\/parafiadlugakoscielna.pl\/index.php?rest_route=%2Fwp%2Fv2%2Fcomments&post=2610"}],"version-history":[{"count":4,"href":"https:\/\/parafiadlugakoscielna.pl\/index.php?rest_route=\/wp\/v2\/pages\/2610\/revisions"}],"predecessor-version":[{"id":2614,"href":"https:\/\/parafiadlugakoscielna.pl\/index.php?rest_route=\/wp\/v2\/pages\/2610\/revisions\/2614"}],"wp:attachment":[{"href":"https:\/\/parafiadlugakoscielna.pl\/index.php?rest_route=%2Fwp%2Fv2%2Fmedia&parent=2610"}],"curies":[{"name":"wp","href":"https:\/\/api.w.org\/{rel}","templated":true}]}}