{"id":3745,"date":"2023-07-18T20:12:56","date_gmt":"2023-07-18T20:12:56","guid":{"rendered":"https:\/\/parafiadlugakoscielna.pl\/?page_id=3745"},"modified":"2026-02-22T06:28:58","modified_gmt":"2026-02-22T06:28:58","slug":"ksieza-proboszczowie-pracujacy-w-zabytkowym-kosciele","status":"publish","type":"page","link":"https:\/\/parafiadlugakoscielna.pl\/?page_id=3745","title":{"rendered":"Ksi\u0119\u017ca Proboszczowie pracuj\u0105cy w zabytkowym ko\u015bciele"},"content":{"rendered":"\n<p>1. Ks. Jan Kamionowski (1672 \u2013 1682)<br>2. Ks. Marcjan Mioduszewski (1682 \u2013 1688)<br>3. Ks. Marcin Merty\u0144ski (1688 \u2013 1698)<br>4. Ks. Fabian Dobek (1698 \u2013 1709)<br>5. Ks. Andrzej Wysze\u0144ski (1709 \u2013 1742)<br>6. Ks. Dominik Trzemeski (1742 \u2013 1763)<br>7. Ks. Adam Klimkowski (1763 \u2013 1775)<br>8. Ks. Kasper \u015awie\u017cowski (1776 \u2013 1813)<br>9. Ks. Stefan Skrobotowicz (1814 \u2013 1845)<br>10. Ks. Franciszek Balcerkiewicz (1845 \u2013 1877)<br>11. Ks. Roch Ratuszny (1877 \u2013 1885)<br>12. Ks. Bonifacy Micha\u0142owicz (1885 \u2013 1891)<br>13. Ks. Antoni Kukalski (1891 \u2013 1895)<br>14. Ks. Adam Jasi\u0144ski (1895 \u2013 1896)<br>15. Ks. Edward Sawicki (1896 \u2013 1897)<br>16. Ks. B\u0142a\u017cej Kisielski (1897 \u2013 1899)<br>17. Ks. J\u00f3zef Samborski (1899 \u2013 1900)<br>18. Ks. Franciszek Komosi\u0144ski (1900 \u2013 1921)<br>19. Ks. Aleksander Biernacki (1921 \u2013 1926)<br>20. Ks. Henryk Kwasiborski (1926 \u2013 1935)<br>21. Ks. Jan Maciejewski (1935 \u2013 1936)<br>22. Ks. Jan Lebioda (1936 \u2013 1944)<br>23. Ks. Bogus\u0142aw Kaniowski (1945 \u2013 1949)<br>24. Ks. Stanis\u0142aw Polak (1949 \u2013 1962)<br>25. Ks. J\u00f3zef Urcus (1962 \u2013 1971)<br>26. Ks. Emilian Skrzecz (1971 \u2013 1972)<br>27. Ks. W\u0142adys\u0142aw J\u0119drych (1972 \u2013 1976)<br>28. Ks. Stanis\u0142aw Wachowski (1976 \u2013 1977)<br>29. Ks. Eugeniusz Drapa\u0142a (1977 \u2013 1985)<br>30. Ks. Andrzej \u015awi\u0119tochowski (1985 \u2013 1986)<br>31. Ks. Stanis\u0142aw Wo\u0142osiewicz (1986 \u2013 1988)<br>32. Ks. Jan Go\u0142\u0119biewski (1988 \u2013 1993)<br>33. Ks. Jan Ruci\u0144ski (1993 &#8211; 2023) \u2013 budowniczy nowego ko\u015bcio\u0142a<br>34. Ks. Jaros\u0142aw Sikorski (od 2023r.)<\/p>\n","protected":false},"excerpt":{"rendered":"<p>1. Ks. Jan Kamionowski (1672 \u2013 1682)2. Ks. Marcjan Mioduszewski (1682 \u2013 1688)3. Ks. Marcin Merty\u0144ski (1688 \u2013 1698)4. Ks. Fabian Dobek (1698 \u2013 1709)5.<a href=\"https:\/\/parafiadlugakoscielna.pl\/?page_id=3745\" class=\"more-link\">View More<\/a><\/p>\n","protected":false},"author":1,"featured_media":0,"parent":0,"menu_order":0,"comment_status":"closed","ping_status":"closed","template":"","meta":{"ngg_post_thumbnail":0,"footnotes":""},"class_list":["post-3745","page","type-page","status-publish","hentry"],"_links":{"self":[{"href":"https:\/\/parafiadlugakoscielna.pl\/index.php?rest_route=\/wp\/v2\/pages\/3745","targetHints":{"allow":["GET"]}}],"collection":[{"href":"https:\/\/parafiadlugakoscielna.pl\/index.php?rest_route=\/wp\/v2\/pages"}],"about":[{"href":"https:\/\/parafiadlugakoscielna.pl\/index.php?rest_route=\/wp\/v2\/types\/page"}],"author":[{"embeddable":true,"href":"https:\/\/parafiadlugakoscielna.pl\/index.php?rest_route=\/wp\/v2\/users\/1"}],"replies":[{"embeddable":true,"href":"https:\/\/parafiadlugakoscielna.pl\/index.php?rest_route=%2Fwp%2Fv2%2Fcomments&post=3745"}],"version-history":[{"count":5,"href":"https:\/\/parafiadlugakoscielna.pl\/index.php?rest_route=\/wp\/v2\/pages\/3745\/revisions"}],"predecessor-version":[{"id":5706,"href":"https:\/\/parafiadlugakoscielna.pl\/index.php?rest_route=\/wp\/v2\/pages\/3745\/revisions\/5706"}],"wp:attachment":[{"href":"https:\/\/parafiadlugakoscielna.pl\/index.php?rest_route=%2Fwp%2Fv2%2Fmedia&parent=3745"}],"curies":[{"name":"wp","href":"https:\/\/api.w.org\/{rel}","templated":true}]}}