{"id":45,"date":"2022-06-26T09:50:26","date_gmt":"2022-06-26T09:50:26","guid":{"rendered":"http:\/\/parafiadlugakoscielna.pl\/?page_id=45"},"modified":"2025-05-08T06:23:50","modified_gmt":"2025-05-08T06:23:50","slug":"porzadek-mszy-swietych","status":"publish","type":"page","link":"https:\/\/parafiadlugakoscielna.pl\/?page_id=45","title":{"rendered":"Porz\u0105dek Mszy \u015awi\u0119tych"},"content":{"rendered":"\n<p><strong>Niedziele i \u015bwi\u0119ta<\/strong><\/p>\n\n\n\n<p>09:00<br>10:30 \u2013 z udzia\u0142em ma\u0142\u017ce\u0144stw z dzie\u0107mi (poza okresem wakacji)<br>12:00 \u2013 suma<br>18:00<\/p>\n\n\n\n<p><strong>Dni powszednie<\/strong><\/p>\n\n\n\n<p>  7:00 <br>18:00<\/p>\n\n\n\n<p><\/p>\n\n\n\n<p>Powy\u017cej zamieszczone s\u0105 zwyczajowe godziny Mszy \u015aw.<br>W lipcu i sierpniu nie ma Mszy \u015awi\u0119tej w niedziel\u0119 o godz. 10:30<br><strong>Prosz\u0119 jeszcze sprawdzi\u0107 w zak\u0142adce\u00a0<a href=\"http:\/\/parafiadlugakoscielna.pl\/?page_id=18\">Intencje mszy \u015bwi\u0119tych<\/a>.<\/strong><\/p>\n","protected":false},"excerpt":{"rendered":"<p>Niedziele i \u015bwi\u0119ta 09:0010:30 \u2013 z udzia\u0142em ma\u0142\u017ce\u0144stw z dzie\u0107mi (poza okresem wakacji)12:00 \u2013 suma18:00 Dni powszednie 7:00 18:00 Powy\u017cej zamieszczone s\u0105 zwyczajowe godziny Mszy<a href=\"https:\/\/parafiadlugakoscielna.pl\/?page_id=45\" class=\"more-link\">View More<\/a><\/p>\n","protected":false},"author":1,"featured_media":0,"parent":0,"menu_order":0,"comment_status":"closed","ping_status":"closed","template":"","meta":{"ngg_post_thumbnail":0,"footnotes":""},"class_list":["post-45","page","type-page","status-publish","hentry"],"_links":{"self":[{"href":"https:\/\/parafiadlugakoscielna.pl\/index.php?rest_route=\/wp\/v2\/pages\/45","targetHints":{"allow":["GET"]}}],"collection":[{"href":"https:\/\/parafiadlugakoscielna.pl\/index.php?rest_route=\/wp\/v2\/pages"}],"about":[{"href":"https:\/\/parafiadlugakoscielna.pl\/index.php?rest_route=\/wp\/v2\/types\/page"}],"author":[{"embeddable":true,"href":"https:\/\/parafiadlugakoscielna.pl\/index.php?rest_route=\/wp\/v2\/users\/1"}],"replies":[{"embeddable":true,"href":"https:\/\/parafiadlugakoscielna.pl\/index.php?rest_route=%2Fwp%2Fv2%2Fcomments&post=45"}],"version-history":[{"count":5,"href":"https:\/\/parafiadlugakoscielna.pl\/index.php?rest_route=\/wp\/v2\/pages\/45\/revisions"}],"predecessor-version":[{"id":5212,"href":"https:\/\/parafiadlugakoscielna.pl\/index.php?rest_route=\/wp\/v2\/pages\/45\/revisions\/5212"}],"wp:attachment":[{"href":"https:\/\/parafiadlugakoscielna.pl\/index.php?rest_route=%2Fwp%2Fv2%2Fmedia&parent=45"}],"curies":[{"name":"wp","href":"https:\/\/api.w.org\/{rel}","templated":true}]}}