{"id":5019,"date":"2025-02-02T10:56:49","date_gmt":"2025-02-02T10:56:49","guid":{"rendered":"https:\/\/parafiadlugakoscielna.pl\/?page_id=5019"},"modified":"2025-02-02T11:08:30","modified_gmt":"2025-02-02T11:08:30","slug":"boze-cialo-30-05-2024-2","status":"publish","type":"page","link":"https:\/\/parafiadlugakoscielna.pl\/?page_id=5019","title":{"rendered":"Kol\u0119dnicy misyjni"},"content":{"rendered":"\t\t<div data-elementor-type=\"wp-page\" data-elementor-id=\"5019\" class=\"elementor elementor-5019\">\n\t\t\t\t\t\t<section class=\"elementor-section elementor-top-section elementor-element elementor-element-27fe447 elementor-section-boxed elementor-section-height-default elementor-section-height-default\" data-id=\"27fe447\" data-element_type=\"section\" data-e-type=\"section\">\n\t\t\t\t\t\t<div class=\"elementor-container elementor-column-gap-default\">\n\t\t\t\t\t<div class=\"elementor-column elementor-col-100 elementor-top-column elementor-element elementor-element-430b43b\" data-id=\"430b43b\" data-element_type=\"column\" data-e-type=\"column\">\n\t\t\t<div class=\"elementor-widget-wrap elementor-element-populated\">\n\t\t\t\t\t\t<div class=\"elementor-element elementor-element-ab6c750 elementor-align-center elementor-widget elementor-widget-button\" data-id=\"ab6c750\" data-element_type=\"widget\" data-e-type=\"widget\" data-widget_type=\"button.default\">\n\t\t\t\t<div class=\"elementor-widget-container\">\n\t\t\t\t\t\t\t\t\t<div class=\"elementor-button-wrapper\">\n\t\t\t\t\t<a class=\"elementor-button elementor-button-link elementor-size-sm\" href=\"https:\/\/parafiadlugakoscielna.pl\/\">\n\t\t\t\t\t\t<span class=\"elementor-button-content-wrapper\">\n\t\t\t\t\t\t<span class=\"elementor-button-icon\">\n\t\t\t\t<i aria-hidden=\"true\" class=\"far fa-arrow-alt-circle-left\"><\/i>\t\t\t<\/span>\n\t\t\t\t\t\t\t\t\t<span class=\"elementor-button-text\">Powr\u00f3t na stron\u0119 g\u0142\u00f3wn\u0105<\/span>\n\t\t\t\t\t<\/span>\n\t\t\t\t\t<\/a>\n\t\t\t\t<\/div>\n\t\t\t\t\t\t\t\t<\/div>\n\t\t\t\t<\/div>\n\t\t\t\t\t<\/div>\n\t\t<\/div>\n\t\t\t\t\t<\/div>\n\t\t<\/section>\n\t\t\t\t<section class=\"elementor-section elementor-top-section elementor-element elementor-element-f69aa33 elementor-section-boxed elementor-section-height-default elementor-section-height-default\" data-id=\"f69aa33\" data-element_type=\"section\" data-e-type=\"section\">\n\t\t\t\t\t\t<div class=\"elementor-container elementor-column-gap-wide\">\n\t\t\t\t\t<div class=\"elementor-column elementor-col-100 elementor-top-column elementor-element elementor-element-626853d\" data-id=\"626853d\" data-element_type=\"column\" data-e-type=\"column\" data-settings=\"{&quot;animation&quot;:&quot;none&quot;}\">\n\t\t\t<div class=\"elementor-widget-wrap elementor-element-populated\">\n\t\t\t\t\t\t<div class=\"elementor-element elementor-element-ba8c15b elementor-widget elementor-widget-text-editor\" data-id=\"ba8c15b\" data-element_type=\"widget\" data-e-type=\"widget\" data-widget_type=\"text-editor.default\">\n\t\t\t\t<div class=\"elementor-widget-container\">\n\t\t\t\t\t\t\t\t\t<div style=\"color: #222222; font-family: Arial, Helvetica, sans-serif; font-style: normal; font-weight: 400; font-size: 16px;\"><i>Kol\u0119dnicy Misyjni &#8211; podsumowanie<\/i><i><br \/><\/i><\/div><div style=\"color: #222222; font-family: Arial, Helvetica, sans-serif; font-style: normal; font-weight: 400; font-size: 16px;\"><i>Przygotowania do kol\u0119dowania rozpocz\u0119li\u015bmy ju\u017c na pocz\u0105tku\u00a0 grudnia. Najpierw poznali\u015bmy czym jest kol\u0119dowanie misyjne i jaki jest jego cel: w tym roku ofiary zebrane podczas kol\u0119dowania zostan\u0105 przeznaczone na dzie\u0142a misyjne w Demokratycznej Republice Konga. Nast\u0119pnie dowiedzieli\u015bmy si\u0119 wiele ciekawych informacji na temat Demokratycznej Republiki Konga, ogl\u0105dali\u015bmy wywiady z pracuj\u0105cymi tam\u00a0 misjonarzami, a tak\u017ce poznali\u015bmy jak w jednym z lokalnych j\u0119zyk\u00f3w brzmi modlitwa &#8222;Ojcze Nasz&#8221;. Kolejny etap przygotowa\u0144 to podzia\u0142 i nauka r\u00f3l, poniewa\u017c podczas kol\u0119dowania zadaniem ma\u0142ych misjonarzy jest m.in. odegranie scenki. 26 grudnia z rado\u015bci\u0105 wyruszyli\u015bmy ulicami parafii, aby nie\u015b\u0107 rado\u015b\u0107 Bo\u017cego Narodzenia i m\u00f3wi\u0107 o potrzebach dzieci w Afryce. Zostali\u015bmy przyj\u0119ci z wielk\u0105 serdeczno\u015bci\u0105 przez naszych parafian. Z kolei\u00a0 6 stycznia, w Uroczysto\u015b\u0107 Objawienia Pa\u0144skiego, przedstawili\u015bmy\u00a0 przygotowan\u0105 scenk\u0119 kol\u0119dnicz\u0105 w ko\u015bciele. Wszystkim za \u017cyczliwe przyj\u0119cie kol\u0119dnik\u00f3w, a tak\u017ce okazane wsparcie na rzecz misji sk\u0142adamy serdeczne B\u00f3g zap\u0142a\u0107.\u00a0<\/i><i><br \/><\/i><\/div><div style=\"color: #222222; font-family: Arial, Helvetica, sans-serif; font-style: normal; font-weight: 400; font-size: 16px;\"><i>\u00a0<\/i><\/div><div style=\"color: #222222; font-family: Arial, Helvetica, sans-serif; font-style: normal; font-weight: 400; font-size: 16px;\"><i>NZAMBE APAMBOLA YO !*<\/i><i><br \/><\/i><\/div><div style=\"color: #222222; font-family: Arial, Helvetica, sans-serif; font-style: normal; font-weight: 400; font-size: 16px;\"><i>\u00a0<\/i><\/div><div style=\"color: #222222; font-family: Arial, Helvetica, sans-serif; font-style: normal; font-weight: 400; font-size: 16px;\"><i>* Niech Wam B\u00f3g b\u0142ogos\u0142awi!<\/i><\/div>\t\t\t\t\t\t\t\t<\/div>\n\t\t\t\t<\/div>\n\t\t\t\t<div class=\"elementor-element elementor-element-124eaf0 gallery-spacing-custom elementor-invisible elementor-widget elementor-widget-image-gallery\" data-id=\"124eaf0\" data-element_type=\"widget\" data-e-type=\"widget\" data-settings=\"{&quot;_animation&quot;:&quot;fadeIn&quot;}\" data-widget_type=\"image-gallery.default\">\n\t\t\t\t<div class=\"elementor-widget-container\">\n\t\t\t\t\t\t\t<div class=\"elementor-image-gallery\">\n\t\t\t<div id='gallery-1' class='gallery galleryid-5019 gallery-columns-3 gallery-size-medium'><figure class='gallery-item'>\n\t\t\t<div class='gallery-icon portrait'>\n\t\t\t\t<a data-elementor-open-lightbox=\"yes\" data-elementor-lightbox-slideshow=\"124eaf0\" data-elementor-lightbox-title=\"2024_Kolednicy_9\" data-e-action-hash=\"#elementor-action%3Aaction%3Dlightbox%26settings%3DeyJpZCI6NTAyOCwidXJsIjoiaHR0cHM6XC9cL3BhcmFmaWFkbHVnYWtvc2NpZWxuYS5wbFwvd3AtY29udGVudFwvdXBsb2Fkc1wvMjAyNVwvMDJcLzIwMjRfS29sZWRuaWN5XzkuanBnIiwic2xpZGVzaG93IjoiMTI0ZWFmMCJ9\" href='https:\/\/parafiadlugakoscielna.pl\/wp-content\/uploads\/2025\/02\/2024_Kolednicy_9.jpg'><img fetchpriority=\"high\" decoding=\"async\" width=\"221\" height=\"300\" src=\"https:\/\/parafiadlugakoscielna.pl\/wp-content\/uploads\/2025\/02\/2024_Kolednicy_9-221x300.jpg\" class=\"attachment-medium size-medium\" alt=\"\" srcset=\"https:\/\/parafiadlugakoscielna.pl\/wp-content\/uploads\/2025\/02\/2024_Kolednicy_9-221x300.jpg 221w, https:\/\/parafiadlugakoscielna.pl\/wp-content\/uploads\/2025\/02\/2024_Kolednicy_9.jpg 531w\" sizes=\"(max-width: 221px) 100vw, 221px\" \/><\/a>\n\t\t\t<\/div><\/figure><figure class='gallery-item'>\n\t\t\t<div class='gallery-icon portrait'>\n\t\t\t\t<a data-elementor-open-lightbox=\"yes\" data-elementor-lightbox-slideshow=\"124eaf0\" data-elementor-lightbox-title=\"2024_Kolednicy_8\" data-e-action-hash=\"#elementor-action%3Aaction%3Dlightbox%26settings%3DeyJpZCI6NTAyNywidXJsIjoiaHR0cHM6XC9cL3BhcmFmaWFkbHVnYWtvc2NpZWxuYS5wbFwvd3AtY29udGVudFwvdXBsb2Fkc1wvMjAyNVwvMDJcLzIwMjRfS29sZWRuaWN5XzguanBnIiwic2xpZGVzaG93IjoiMTI0ZWFmMCJ9\" href='https:\/\/parafiadlugakoscielna.pl\/wp-content\/uploads\/2025\/02\/2024_Kolednicy_8.jpg'><img decoding=\"async\" width=\"203\" height=\"300\" src=\"https:\/\/parafiadlugakoscielna.pl\/wp-content\/uploads\/2025\/02\/2024_Kolednicy_8-203x300.jpg\" class=\"attachment-medium size-medium\" alt=\"\" srcset=\"https:\/\/parafiadlugakoscielna.pl\/wp-content\/uploads\/2025\/02\/2024_Kolednicy_8-203x300.jpg 203w, https:\/\/parafiadlugakoscielna.pl\/wp-content\/uploads\/2025\/02\/2024_Kolednicy_8.jpg 488w\" sizes=\"(max-width: 203px) 100vw, 203px\" \/><\/a>\n\t\t\t<\/div><\/figure><figure class='gallery-item'>\n\t\t\t<div class='gallery-icon portrait'>\n\t\t\t\t<a data-elementor-open-lightbox=\"yes\" data-elementor-lightbox-slideshow=\"124eaf0\" data-elementor-lightbox-title=\"2024_Kolednicy_7\" data-e-action-hash=\"#elementor-action%3Aaction%3Dlightbox%26settings%3DeyJpZCI6NTAyNiwidXJsIjoiaHR0cHM6XC9cL3BhcmFmaWFkbHVnYWtvc2NpZWxuYS5wbFwvd3AtY29udGVudFwvdXBsb2Fkc1wvMjAyNVwvMDJcLzIwMjRfS29sZWRuaWN5XzcuanBnIiwic2xpZGVzaG93IjoiMTI0ZWFmMCJ9\" href='https:\/\/parafiadlugakoscielna.pl\/wp-content\/uploads\/2025\/02\/2024_Kolednicy_7.jpg'><img decoding=\"async\" width=\"253\" height=\"300\" src=\"https:\/\/parafiadlugakoscielna.pl\/wp-content\/uploads\/2025\/02\/2024_Kolednicy_7-253x300.jpg\" class=\"attachment-medium size-medium\" alt=\"\" srcset=\"https:\/\/parafiadlugakoscielna.pl\/wp-content\/uploads\/2025\/02\/2024_Kolednicy_7-253x300.jpg 253w, https:\/\/parafiadlugakoscielna.pl\/wp-content\/uploads\/2025\/02\/2024_Kolednicy_7.jpg 607w\" sizes=\"(max-width: 253px) 100vw, 253px\" \/><\/a>\n\t\t\t<\/div><\/figure><figure class='gallery-item'>\n\t\t\t<div class='gallery-icon landscape'>\n\t\t\t\t<a data-elementor-open-lightbox=\"yes\" data-elementor-lightbox-slideshow=\"124eaf0\" data-elementor-lightbox-title=\"2024_Kolednicy_3\" data-e-action-hash=\"#elementor-action%3Aaction%3Dlightbox%26settings%3DeyJpZCI6NTAyMiwidXJsIjoiaHR0cHM6XC9cL3BhcmFmaWFkbHVnYWtvc2NpZWxuYS5wbFwvd3AtY29udGVudFwvdXBsb2Fkc1wvMjAyNVwvMDJcLzIwMjRfS29sZWRuaWN5XzMuanBnIiwic2xpZGVzaG93IjoiMTI0ZWFmMCJ9\" href='https:\/\/parafiadlugakoscielna.pl\/wp-content\/uploads\/2025\/02\/2024_Kolednicy_3.jpg'><img loading=\"lazy\" decoding=\"async\" width=\"300\" height=\"295\" src=\"https:\/\/parafiadlugakoscielna.pl\/wp-content\/uploads\/2025\/02\/2024_Kolednicy_3-300x295.jpg\" class=\"attachment-medium size-medium\" alt=\"\" srcset=\"https:\/\/parafiadlugakoscielna.pl\/wp-content\/uploads\/2025\/02\/2024_Kolednicy_3-300x295.jpg 300w, https:\/\/parafiadlugakoscielna.pl\/wp-content\/uploads\/2025\/02\/2024_Kolednicy_3-75x75.jpg 75w, https:\/\/parafiadlugakoscielna.pl\/wp-content\/uploads\/2025\/02\/2024_Kolednicy_3.jpg 720w\" sizes=\"(max-width: 300px) 100vw, 300px\" \/><\/a>\n\t\t\t<\/div><\/figure><figure class='gallery-item'>\n\t\t\t<div class='gallery-icon portrait'>\n\t\t\t\t<a data-elementor-open-lightbox=\"yes\" data-elementor-lightbox-slideshow=\"124eaf0\" data-elementor-lightbox-title=\"2024_Kolednicy_4\" data-e-action-hash=\"#elementor-action%3Aaction%3Dlightbox%26settings%3DeyJpZCI6NTAyMywidXJsIjoiaHR0cHM6XC9cL3BhcmFmaWFkbHVnYWtvc2NpZWxuYS5wbFwvd3AtY29udGVudFwvdXBsb2Fkc1wvMjAyNVwvMDJcLzIwMjRfS29sZWRuaWN5XzQuanBnIiwic2xpZGVzaG93IjoiMTI0ZWFmMCJ9\" href='https:\/\/parafiadlugakoscielna.pl\/wp-content\/uploads\/2025\/02\/2024_Kolednicy_4.jpg'><img loading=\"lazy\" decoding=\"async\" width=\"236\" height=\"300\" src=\"https:\/\/parafiadlugakoscielna.pl\/wp-content\/uploads\/2025\/02\/2024_Kolednicy_4-236x300.jpg\" class=\"attachment-medium size-medium\" alt=\"\" srcset=\"https:\/\/parafiadlugakoscielna.pl\/wp-content\/uploads\/2025\/02\/2024_Kolednicy_4-236x300.jpg 236w, https:\/\/parafiadlugakoscielna.pl\/wp-content\/uploads\/2025\/02\/2024_Kolednicy_4.jpg 526w\" sizes=\"(max-width: 236px) 100vw, 236px\" \/><\/a>\n\t\t\t<\/div><\/figure><figure class='gallery-item'>\n\t\t\t<div class='gallery-icon landscape'>\n\t\t\t\t<a data-elementor-open-lightbox=\"yes\" data-elementor-lightbox-slideshow=\"124eaf0\" data-elementor-lightbox-title=\"2024_Kolednicy_6\" data-e-action-hash=\"#elementor-action%3Aaction%3Dlightbox%26settings%3DeyJpZCI6NTAyNSwidXJsIjoiaHR0cHM6XC9cL3BhcmFmaWFkbHVnYWtvc2NpZWxuYS5wbFwvd3AtY29udGVudFwvdXBsb2Fkc1wvMjAyNVwvMDJcLzIwMjRfS29sZWRuaWN5XzYuanBnIiwic2xpZGVzaG93IjoiMTI0ZWFmMCJ9\" href='https:\/\/parafiadlugakoscielna.pl\/wp-content\/uploads\/2025\/02\/2024_Kolednicy_6.jpg'><img loading=\"lazy\" decoding=\"async\" width=\"300\" height=\"243\" src=\"https:\/\/parafiadlugakoscielna.pl\/wp-content\/uploads\/2025\/02\/2024_Kolednicy_6-300x243.jpg\" class=\"attachment-medium size-medium\" alt=\"\" srcset=\"https:\/\/parafiadlugakoscielna.pl\/wp-content\/uploads\/2025\/02\/2024_Kolednicy_6-300x243.jpg 300w, https:\/\/parafiadlugakoscielna.pl\/wp-content\/uploads\/2025\/02\/2024_Kolednicy_6.jpg 720w\" sizes=\"(max-width: 300px) 100vw, 300px\" \/><\/a>\n\t\t\t<\/div><\/figure><figure class='gallery-item'>\n\t\t\t<div class='gallery-icon landscape'>\n\t\t\t\t<a data-elementor-open-lightbox=\"yes\" data-elementor-lightbox-slideshow=\"124eaf0\" data-elementor-lightbox-title=\"2024_Kolednicy_5\" data-e-action-hash=\"#elementor-action%3Aaction%3Dlightbox%26settings%3DeyJpZCI6NTAyNCwidXJsIjoiaHR0cHM6XC9cL3BhcmFmaWFkbHVnYWtvc2NpZWxuYS5wbFwvd3AtY29udGVudFwvdXBsb2Fkc1wvMjAyNVwvMDJcLzIwMjRfS29sZWRuaWN5XzUuanBnIiwic2xpZGVzaG93IjoiMTI0ZWFmMCJ9\" href='https:\/\/parafiadlugakoscielna.pl\/wp-content\/uploads\/2025\/02\/2024_Kolednicy_5.jpg'><img loading=\"lazy\" decoding=\"async\" width=\"300\" height=\"196\" src=\"https:\/\/parafiadlugakoscielna.pl\/wp-content\/uploads\/2025\/02\/2024_Kolednicy_5-300x196.jpg\" class=\"attachment-medium size-medium\" alt=\"\" srcset=\"https:\/\/parafiadlugakoscielna.pl\/wp-content\/uploads\/2025\/02\/2024_Kolednicy_5-300x196.jpg 300w, https:\/\/parafiadlugakoscielna.pl\/wp-content\/uploads\/2025\/02\/2024_Kolednicy_5.jpg 720w\" sizes=\"(max-width: 300px) 100vw, 300px\" \/><\/a>\n\t\t\t<\/div><\/figure><figure class='gallery-item'>\n\t\t\t<div class='gallery-icon landscape'>\n\t\t\t\t<a data-elementor-open-lightbox=\"yes\" data-elementor-lightbox-slideshow=\"124eaf0\" data-elementor-lightbox-title=\"2024_Kolednicy_2\" data-e-action-hash=\"#elementor-action%3Aaction%3Dlightbox%26settings%3DeyJpZCI6NTAyMSwidXJsIjoiaHR0cHM6XC9cL3BhcmFmaWFkbHVnYWtvc2NpZWxuYS5wbFwvd3AtY29udGVudFwvdXBsb2Fkc1wvMjAyNVwvMDJcLzIwMjRfS29sZWRuaWN5XzIuanBnIiwic2xpZGVzaG93IjoiMTI0ZWFmMCJ9\" href='https:\/\/parafiadlugakoscielna.pl\/wp-content\/uploads\/2025\/02\/2024_Kolednicy_2.jpg'><img loading=\"lazy\" decoding=\"async\" width=\"216\" height=\"162\" src=\"https:\/\/parafiadlugakoscielna.pl\/wp-content\/uploads\/2025\/02\/2024_Kolednicy_2.jpg\" class=\"attachment-medium size-medium\" alt=\"\" \/><\/a>\n\t\t\t<\/div><\/figure><figure class='gallery-item'>\n\t\t\t<div class='gallery-icon landscape'>\n\t\t\t\t<a data-elementor-open-lightbox=\"yes\" data-elementor-lightbox-slideshow=\"124eaf0\" data-elementor-lightbox-title=\"2024_Kolednicy_1\" data-e-action-hash=\"#elementor-action%3Aaction%3Dlightbox%26settings%3DeyJpZCI6NTAyMCwidXJsIjoiaHR0cHM6XC9cL3BhcmFmaWFkbHVnYWtvc2NpZWxuYS5wbFwvd3AtY29udGVudFwvdXBsb2Fkc1wvMjAyNVwvMDJcLzIwMjRfS29sZWRuaWN5XzEuanBnIiwic2xpZGVzaG93IjoiMTI0ZWFmMCJ9\" href='https:\/\/parafiadlugakoscielna.pl\/wp-content\/uploads\/2025\/02\/2024_Kolednicy_1.jpg'><img loading=\"lazy\" decoding=\"async\" width=\"300\" height=\"225\" src=\"https:\/\/parafiadlugakoscielna.pl\/wp-content\/uploads\/2025\/02\/2024_Kolednicy_1-300x225.jpg\" class=\"attachment-medium size-medium\" alt=\"\" srcset=\"https:\/\/parafiadlugakoscielna.pl\/wp-content\/uploads\/2025\/02\/2024_Kolednicy_1-300x225.jpg 300w, https:\/\/parafiadlugakoscielna.pl\/wp-content\/uploads\/2025\/02\/2024_Kolednicy_1-768x576.jpg 768w, https:\/\/parafiadlugakoscielna.pl\/wp-content\/uploads\/2025\/02\/2024_Kolednicy_1.jpg 918w\" sizes=\"(max-width: 300px) 100vw, 300px\" \/><\/a>\n\t\t\t<\/div><\/figure><figure class='gallery-item'>\n\t\t\t<div class='gallery-icon portrait'>\n\t\t\t\t<a data-elementor-open-lightbox=\"yes\" data-elementor-lightbox-slideshow=\"124eaf0\" data-elementor-lightbox-title=\"2024_Kolednicy_10\" data-e-action-hash=\"#elementor-action%3Aaction%3Dlightbox%26settings%3DeyJpZCI6NTAyOSwidXJsIjoiaHR0cHM6XC9cL3BhcmFmaWFkbHVnYWtvc2NpZWxuYS5wbFwvd3AtY29udGVudFwvdXBsb2Fkc1wvMjAyNVwvMDJcLzIwMjRfS29sZWRuaWN5XzEwLmpwZyIsInNsaWRlc2hvdyI6IjEyNGVhZjAifQ%3D%3D\" href='https:\/\/parafiadlugakoscielna.pl\/wp-content\/uploads\/2025\/02\/2024_Kolednicy_10.jpg'><img loading=\"lazy\" decoding=\"async\" width=\"256\" height=\"300\" src=\"https:\/\/parafiadlugakoscielna.pl\/wp-content\/uploads\/2025\/02\/2024_Kolednicy_10-256x300.jpg\" class=\"attachment-medium size-medium\" alt=\"\" srcset=\"https:\/\/parafiadlugakoscielna.pl\/wp-content\/uploads\/2025\/02\/2024_Kolednicy_10-256x300.jpg 256w, https:\/\/parafiadlugakoscielna.pl\/wp-content\/uploads\/2025\/02\/2024_Kolednicy_10.jpg 615w\" sizes=\"(max-width: 256px) 100vw, 256px\" \/><\/a>\n\t\t\t<\/div><\/figure>\n\t\t<\/div>\n\t\t<\/div>\n\t\t\t\t\t\t<\/div>\n\t\t\t\t<\/div>\n\t\t\t\t\t<\/div>\n\t\t<\/div>\n\t\t\t\t\t<\/div>\n\t\t<\/section>\n\t\t\t\t<\/div>\n\t\t","protected":false},"excerpt":{"rendered":"<p>Powr\u00f3t na stron\u0119 g\u0142\u00f3wn\u0105 Kol\u0119dnicy Misyjni &#8211; podsumowaniePrzygotowania do kol\u0119dowania rozpocz\u0119li\u015bmy ju\u017c na pocz\u0105tku\u00a0 grudnia. Najpierw poznali\u015bmy czym jest kol\u0119dowanie misyjne i jaki jest jego<a href=\"https:\/\/parafiadlugakoscielna.pl\/?page_id=5019\" class=\"more-link\">View More<\/a><\/p>\n","protected":false},"author":1,"featured_media":0,"parent":0,"menu_order":0,"comment_status":"closed","ping_status":"closed","template":"","meta":{"ngg_post_thumbnail":0,"footnotes":""},"class_list":["post-5019","page","type-page","status-publish","hentry"],"_links":{"self":[{"href":"https:\/\/parafiadlugakoscielna.pl\/index.php?rest_route=\/wp\/v2\/pages\/5019","targetHints":{"allow":["GET"]}}],"collection":[{"href":"https:\/\/parafiadlugakoscielna.pl\/index.php?rest_route=\/wp\/v2\/pages"}],"about":[{"href":"https:\/\/parafiadlugakoscielna.pl\/index.php?rest_route=\/wp\/v2\/types\/page"}],"author":[{"embeddable":true,"href":"https:\/\/parafiadlugakoscielna.pl\/index.php?rest_route=\/wp\/v2\/users\/1"}],"replies":[{"embeddable":true,"href":"https:\/\/parafiadlugakoscielna.pl\/index.php?rest_route=%2Fwp%2Fv2%2Fcomments&post=5019"}],"version-history":[{"count":7,"href":"https:\/\/parafiadlugakoscielna.pl\/index.php?rest_route=\/wp\/v2\/pages\/5019\/revisions"}],"predecessor-version":[{"id":5046,"href":"https:\/\/parafiadlugakoscielna.pl\/index.php?rest_route=\/wp\/v2\/pages\/5019\/revisions\/5046"}],"wp:attachment":[{"href":"https:\/\/parafiadlugakoscielna.pl\/index.php?rest_route=%2Fwp%2Fv2%2Fmedia&parent=5019"}],"curies":[{"name":"wp","href":"https:\/\/api.w.org\/{rel}","templated":true}]}}