{"id":7,"date":"2022-12-27T09:36:49","date_gmt":"2022-12-27T09:36:49","guid":{"rendered":"http:\/\/parafiadlugakoscielna.pl\/?page_id=7"},"modified":"2026-04-26T08:51:21","modified_gmt":"2026-04-26T08:51:21","slug":"parafia-swietej-anna","status":"publish","type":"page","link":"https:\/\/parafiadlugakoscielna.pl\/","title":{"rendered":"O parafii"},"content":{"rendered":"\t\t<div data-elementor-type=\"wp-page\" data-elementor-id=\"7\" class=\"elementor elementor-7\">\n\t\t\t\t\t\t<section class=\"elementor-section elementor-top-section elementor-element elementor-element-3f74e8e elementor-section-boxed elementor-section-height-default elementor-section-height-default\" data-id=\"3f74e8e\" data-element_type=\"section\" data-e-type=\"section\">\n\t\t\t\t\t\t<div class=\"elementor-container elementor-column-gap-default\">\n\t\t\t\t\t<div class=\"elementor-column elementor-col-100 elementor-top-column elementor-element elementor-element-36f453b\" data-id=\"36f453b\" data-element_type=\"column\" data-e-type=\"column\">\n\t\t\t<div class=\"elementor-widget-wrap elementor-element-populated\">\n\t\t\t\t\t\t<div class=\"elementor-element elementor-element-1fbfb05 elementor-widget elementor-widget-text-editor\" data-id=\"1fbfb05\" data-element_type=\"widget\" data-e-type=\"widget\" data-widget_type=\"text-editor.default\">\n\t\t\t\t<div class=\"elementor-widget-container\">\n\t\t\t\t\t\t\t\t\t<p style=\"text-align: center;\">| <a href=\"https:\/\/dlugakoscielna.grobonet.com\/\" target=\"_blank\" rel=\"noopener\">Cmentarz parafialny online <\/a> I <a href=\"https:\/\/parafiadlugakoscielna.pl\/?page_id=14\">Og\u0142oszenia duszpasterskie<\/a> I <a href=\"https:\/\/parafiadlugakoscielna.pl\/?page_id=18\">Intencje mszalne<\/a> | <a href=\"https:\/\/parafiadlugakoscielna.pl\/?cat=33\">Katechezy &#8211; SAKRAMENTY<\/a> |<\/p>\t\t\t\t\t\t\t\t<\/div>\n\t\t\t\t<\/div>\n\t\t\t\t\t<\/div>\n\t\t<\/div>\n\t\t\t\t\t<\/div>\n\t\t<\/section>\n\t\t\t\t<section class=\"elementor-section elementor-top-section elementor-element elementor-element-44d097e elementor-section-boxed elementor-section-height-default elementor-section-height-default\" data-id=\"44d097e\" data-element_type=\"section\" data-e-type=\"section\">\n\t\t\t\t\t\t<div class=\"elementor-container elementor-column-gap-default\">\n\t\t\t\t\t<div class=\"elementor-column elementor-col-100 elementor-top-column elementor-element elementor-element-55f7917\" data-id=\"55f7917\" data-element_type=\"column\" data-e-type=\"column\">\n\t\t\t<div class=\"elementor-widget-wrap elementor-element-populated\">\n\t\t\t\t\t\t<div class=\"elementor-element elementor-element-2fe9a8a elementor-widget elementor-widget-heading\" data-id=\"2fe9a8a\" data-element_type=\"widget\" data-e-type=\"widget\" data-widget_type=\"heading.default\">\n\t\t\t\t<div class=\"elementor-widget-container\">\n\t\t\t\t\t<h6 class=\"elementor-heading-title elementor-size-default\"><a href=\"https:\/\/parafiadlugakoscielna.pl\/?cat=33\">Katechezy - Nak\u0142o\u0144 swe serce do s\u0142uchania - SAKRAMENTY<\/a><\/h6>\t\t\t\t<\/div>\n\t\t\t\t<\/div>\n\t\t\t\t\t<\/div>\n\t\t<\/div>\n\t\t\t\t\t<\/div>\n\t\t<\/section>\n\t\t\t\t<section class=\"elementor-section elementor-top-section elementor-element elementor-element-5cbed75 elementor-section-boxed elementor-section-height-default elementor-section-height-default\" data-id=\"5cbed75\" data-element_type=\"section\" data-e-type=\"section\">\n\t\t\t\t\t\t<div class=\"elementor-container elementor-column-gap-default\">\n\t\t\t\t\t<div class=\"elementor-column elementor-col-100 elementor-top-column elementor-element elementor-element-717cb82\" data-id=\"717cb82\" data-element_type=\"column\" data-e-type=\"column\">\n\t\t\t<div class=\"elementor-widget-wrap elementor-element-populated\">\n\t\t\t\t\t\t<div class=\"elementor-element elementor-element-8a30197 elementor-widget elementor-widget-image\" data-id=\"8a30197\" data-element_type=\"widget\" data-e-type=\"widget\" data-widget_type=\"image.default\">\n\t\t\t\t<div class=\"elementor-widget-container\">\n\t\t\t\t\t\t\t\t\t\t\t\t<figure class=\"wp-caption\">\n\t\t\t\t\t\t\t\t\t\t<img decoding=\"async\" src=\"https:\/\/parafiadlugakoscielna.pl\/wp-content\/uploads\/elementor\/thumbs\/Dobry_Pasterz-poib4vykr4uyw2fymyx805ttun5x9x796oii2mev56.jpg\" title=\"Dobry_Pasterz\" alt=\"Dobry_Pasterz\" loading=\"lazy\" \/>\t\t\t\t\t\t\t\t\t\t\t<figcaption class=\"widget-image-caption wp-caption-text\">Niedziela Dobrego Pasterza<\/figcaption>\n\t\t\t\t\t\t\t\t\t\t<\/figure>\n\t\t\t\t\t\t\t\t\t<\/div>\n\t\t\t\t<\/div>\n\t\t\t\t\t<\/div>\n\t\t<\/div>\n\t\t\t\t\t<\/div>\n\t\t<\/section>\n\t\t\t\t<section class=\"elementor-section elementor-top-section elementor-element elementor-element-c1dd6ec elementor-section-boxed elementor-section-height-default elementor-section-height-default\" data-id=\"c1dd6ec\" data-element_type=\"section\" data-e-type=\"section\">\n\t\t\t\t\t\t<div class=\"elementor-container elementor-column-gap-default\">\n\t\t\t\t\t<div class=\"elementor-column elementor-col-100 elementor-top-column elementor-element elementor-element-35aaecc\" data-id=\"35aaecc\" data-element_type=\"column\" data-e-type=\"column\">\n\t\t\t<div class=\"elementor-widget-wrap elementor-element-populated\">\n\t\t\t\t\t\t<div class=\"elementor-element elementor-element-198c57d elementor-widget elementor-widget-text-editor\" data-id=\"198c57d\" data-element_type=\"widget\" data-e-type=\"widget\" data-widget_type=\"text-editor.default\">\n\t\t\t\t<div class=\"elementor-widget-container\">\n\t\t\t\t\t\t\t\t\t<p><strong>Parafia \u015bwi\u0119tej Anny w D\u0142ugiej Ko\u015bcielnej<\/strong><\/p>\n<p>ul. Powstania Styczniowego 83,<br \/>05-074 D\u0142uga Ko\u015bcielna,<br \/>gmina Halin\u00f3w<\/p>\n<p>tel.: (22) 783-60-88<\/p>\n<p><strong>e-mail:<\/strong>\u00a0parafiadlugakoscielna@gmail.com<\/p>\n<p><a href=\"https:\/\/www.facebook.com\/Parafia-%C5%9Bw-Anny-w-D%C5%82ugiej-Ko%C5%9Bcielnej-107923740857534\/\" target=\"_blank\" rel=\"noreferrer noopener\">Facebook: Parafia \u015bw. Anny w D\u0142ugiej Ko\u015bcielnej<\/a><\/p>\n<p><strong>Konto bankowe:<\/strong><br \/>Bank Pekao S.A.<br \/>I O. w Sulej\u00f3wku<br \/>59 1240 2148 1111 0000 3031 7444<\/p>\t\t\t\t\t\t\t\t<\/div>\n\t\t\t\t<\/div>\n\t\t\t\t\t<\/div>\n\t\t<\/div>\n\t\t\t\t\t<\/div>\n\t\t<\/section>\n\t\t\t\t<\/div>\n\t\t","protected":false},"excerpt":{"rendered":"<p>| Cmentarz parafialny online I Og\u0142oszenia duszpasterskie I Intencje mszalne | Katechezy &#8211; SAKRAMENTY | Katechezy &#8211; Nak\u0142o\u0144 swe serce do s\u0142uchania &#8211; SAKRAMENTY Niedziela<a href=\"https:\/\/parafiadlugakoscielna.pl\/\" class=\"more-link\">View More<\/a><\/p>\n","protected":false},"author":1,"featured_media":0,"parent":0,"menu_order":0,"comment_status":"closed","ping_status":"closed","template":"","meta":{"ngg_post_thumbnail":0,"footnotes":""},"class_list":["post-7","page","type-page","status-publish","hentry"],"_links":{"self":[{"href":"https:\/\/parafiadlugakoscielna.pl\/index.php?rest_route=\/wp\/v2\/pages\/7","targetHints":{"allow":["GET"]}}],"collection":[{"href":"https:\/\/parafiadlugakoscielna.pl\/index.php?rest_route=\/wp\/v2\/pages"}],"about":[{"href":"https:\/\/parafiadlugakoscielna.pl\/index.php?rest_route=\/wp\/v2\/types\/page"}],"author":[{"embeddable":true,"href":"https:\/\/parafiadlugakoscielna.pl\/index.php?rest_route=\/wp\/v2\/users\/1"}],"replies":[{"embeddable":true,"href":"https:\/\/parafiadlugakoscielna.pl\/index.php?rest_route=%2Fwp%2Fv2%2Fcomments&post=7"}],"version-history":[{"count":739,"href":"https:\/\/parafiadlugakoscielna.pl\/index.php?rest_route=\/wp\/v2\/pages\/7\/revisions"}],"predecessor-version":[{"id":5846,"href":"https:\/\/parafiadlugakoscielna.pl\/index.php?rest_route=\/wp\/v2\/pages\/7\/revisions\/5846"}],"wp:attachment":[{"href":"https:\/\/parafiadlugakoscielna.pl\/index.php?rest_route=%2Fwp%2Fv2%2Fmedia&parent=7"}],"curies":[{"name":"wp","href":"https:\/\/api.w.org\/{rel}","templated":true}]}}